{"id":984,"date":"2022-05-29T16:08:27","date_gmt":"2022-05-29T22:08:27","guid":{"rendered":"https:\/\/www.sonigob.org\/home\/?page_id=984"},"modified":"2022-05-30T17:40:12","modified_gmt":"2022-05-30T23:40:12","slug":"1simp_est","status":"publish","type":"page","link":"https:\/\/www.sonigob.org\/home\/1simp_est\/","title":{"rendered":"I Simposio &#8211; Edici\u00f3n Estel\u00ed"},"content":{"rendered":"\n<h2 class=\"has-text-align-right has-white-color has-vivid-red-background-color has-text-color has-background wp-block-heading\" style=\"font-size:23px;font-style:normal;font-weight:200;text-transform:uppercase\">EVENTOS CIENT\u00cdFICOS<\/h2>\n\n\n\n<h2 class=\"wp-block-heading\">Dedicado a:<\/h2>\n\n\n\n<div class=\"wp-block-columns is-layout-flex wp-container-core-columns-is-layout-9d6595d7 wp-block-columns-is-layout-flex\">\n<div class=\"wp-block-column is-layout-flow wp-block-column-is-layout-flow\" style=\"flex-basis:100%\">\n<div class=\"wp-block-columns is-layout-flex wp-container-core-columns-is-layout-9d6595d7 wp-block-columns-is-layout-flex\">\n<div class=\"wp-block-column is-layout-flow wp-block-column-is-layout-flow\">\n<figure class=\"wp-block-image size-full\"><img decoding=\"async\" width=\"613\" height=\"919\" src=\"https:\/\/www.sonigob.org\/home\/wp-content\/uploads\/2022\/05\/4Dra.-Alberto-J-Benavidez-Amador.png\" alt=\"\" class=\"wp-image-988\" srcset=\"https:\/\/www.sonigob.org\/home\/wp-content\/uploads\/2022\/05\/4Dra.-Alberto-J-Benavidez-Amador.png 613w, https:\/\/www.sonigob.org\/home\/wp-content\/uploads\/2022\/05\/4Dra.-Alberto-J-Benavidez-Amador-200x300.png 200w\" sizes=\"(max-width: 613px) 100vw, 613px\" \/><\/figure>\n<\/div>\n\n\n\n<div class=\"wp-block-column is-layout-flow wp-block-column-is-layout-flow\">\n<figure class=\"wp-block-image size-full\"><img decoding=\"async\" width=\"613\" height=\"919\" src=\"https:\/\/www.sonigob.org\/home\/wp-content\/uploads\/2022\/05\/1pngDra.-Floridalma-Rivas-Bustamante.png\" alt=\"\" class=\"wp-image-989\" srcset=\"https:\/\/www.sonigob.org\/home\/wp-content\/uploads\/2022\/05\/1pngDra.-Floridalma-Rivas-Bustamante.png 613w, https:\/\/www.sonigob.org\/home\/wp-content\/uploads\/2022\/05\/1pngDra.-Floridalma-Rivas-Bustamante-200x300.png 200w\" sizes=\"(max-width: 613px) 100vw, 613px\" \/><\/figure>\n<\/div>\n\n\n\n<div class=\"wp-block-column is-layout-flow wp-block-column-is-layout-flow\">\n<figure class=\"wp-block-image size-full\"><img decoding=\"async\" width=\"613\" height=\"919\" src=\"https:\/\/www.sonigob.org\/home\/wp-content\/uploads\/2022\/05\/2pngDra.-Yamilet-Sanchez.png\" alt=\"\" class=\"wp-image-990\" srcset=\"https:\/\/www.sonigob.org\/home\/wp-content\/uploads\/2022\/05\/2pngDra.-Yamilet-Sanchez.png 613w, https:\/\/www.sonigob.org\/home\/wp-content\/uploads\/2022\/05\/2pngDra.-Yamilet-Sanchez-200x300.png 200w\" sizes=\"(max-width: 613px) 100vw, 613px\" \/><\/figure>\n<\/div>\n\n\n\n<div class=\"wp-block-column is-layout-flow wp-block-column-is-layout-flow\">\n<figure class=\"wp-block-image size-full\"><img decoding=\"async\" width=\"613\" height=\"919\" src=\"https:\/\/www.sonigob.org\/home\/wp-content\/uploads\/2022\/05\/3pngDra.-Maria-Isabel-Selva.png\" alt=\"\" class=\"wp-image-992\" srcset=\"https:\/\/www.sonigob.org\/home\/wp-content\/uploads\/2022\/05\/3pngDra.-Maria-Isabel-Selva.png 613w, https:\/\/www.sonigob.org\/home\/wp-content\/uploads\/2022\/05\/3pngDra.-Maria-Isabel-Selva-200x300.png 200w\" sizes=\"(max-width: 613px) 100vw, 613px\" \/><\/figure>\n<\/div>\n<\/div>\n<\/div>\n<\/div>\n\n\n<div\n\t\tclass=\"free align wp-block-ctb-countdown-time\"\tid='ctbCountdownTime-1'\n\tdata-nonce='&quot;4584b954aa&quot;'\n\tdata-attributes='{&quot;cId&quot;:&quot;ebf1f0aa-1&quot;,&quot;destDate&quot;:&quot;2022-05-28T20:20:00&quot;,&quot;layout&quot;:&quot;layout2&quot;,&quot;background&quot;:{&quot;type&quot;:&quot;solid&quot;,&quot;color&quot;:&quot;#0000&quot;,&quot;styles&quot;:&quot;&quot;},&quot;padding&quot;:{&quot;vertical&quot;:&quot;10px&quot;,&quot;horizontal&quot;:&quot;15px&quot;,&quot;side&quot;:2,&quot;top&quot;:&quot;0px&quot;,&quot;right&quot;:&quot;0px&quot;,&quot;bottom&quot;:&quot;0px&quot;,&quot;left&quot;:&quot;0px&quot;,&quot;styles&quot;:&quot;10px 15px&quot;},&quot;shadow&quot;:{&quot;hOffset&quot;:&quot;0px&quot;,&quot;vOffset&quot;:&quot;0px&quot;,&quot;color&quot;:&quot;#0000&quot;,&quot;styles&quot;:&quot;none&quot;},&quot;boxBG&quot;:{&quot;type&quot;:&quot;solid&quot;,&quot;color&quot;:&quot;#0000&quot;,&quot;styles&quot;:&quot;background-color: #0000;&quot;},&quot;boxBorder&quot;:{&quot;width&quot;:&quot;2px&quot;,&quot;type&quot;:&quot;solid&quot;,&quot;color&quot;:&quot;#4527a4&quot;,&quot;radius&quot;:&quot;5%&quot;,&quot;styles&quot;:&quot;border-top: 2px solid #4527a4; border-right: 2px solid #4527a4; border-bottom: 2px solid #4527a4; border-left: 2px solid #4527a4; border-radius: 5%;&quot;},&quot;boxShadow&quot;:{&quot;type&quot;:&quot;box&quot;,&quot;hOffset&quot;:&quot;0px&quot;,&quot;vOffset&quot;:&quot;0px&quot;,&quot;blur&quot;:&quot;0px&quot;,&quot;spreed&quot;:&quot;0px&quot;,&quot;color&quot;:&quot;#7090b0&quot;,&quot;isInset&quot;:false,&quot;styles&quot;:&quot;0px 0px 0px 0px #7090b0&quot;},&quot;digitTypo&quot;:{&quot;fontSize&quot;:48,&quot;styles&quot;:&quot;font-size: 48px; line-height: 135%;&quot;,&quot;googleFontLink&quot;:&quot;&quot;},&quot;digitColor&quot;:&quot;#4527a4&quot;,&quot;labelTypo&quot;:{&quot;fontSize&quot;:18,&quot;styles&quot;:&quot;font-size: 18px; line-height: 135%;&quot;,&quot;googleFontLink&quot;:&quot;&quot;},&quot;labelColor&quot;:&quot;#4527a4&quot;,&quot;isSep&quot;:true,&quot;align&quot;:&quot;&quot;,&quot;isResponsive&quot;:true,&quot;boxIsInline&quot;:false,&quot;boxPosition&quot;:&quot;center&quot;,&quot;isLabels&quot;:true,&quot;isDays&quot;:true,&quot;daysLabel&quot;:&quot;Days&quot;,&quot;isHours&quot;:true,&quot;hoursLabel&quot;:&quot;Hours&quot;,&quot;isMinutes&quot;:true,&quot;minutesLabel&quot;:&quot;Minutes&quot;,&quot;isSeconds&quot;:true,&quot;secondsLabel&quot;:&quot;Seconds&quot;,&quot;isExpired&quot;:false,&quot;hideOn0&quot;:false,&quot;hideOnMobile&quot;:false,&quot;hideOnTablet&quot;:false,&quot;prefixSuffixDirection&quot;:&quot;row&quot;,&quot;prefixText&quot;:&quot;&quot;,&quot;suffixButtonText&quot;:&quot;&quot;,&quot;suffixButtonUrl&quot;:&quot;#&quot;,&quot;addID&quot;:&quot;&quot;,&quot;addClass&quot;:&quot;&quot;,&quot;addCSS&quot;:&quot;&quot;,&quot;width&quot;:&quot;0px&quot;,&quot;alignment&quot;:&quot;center&quot;,&quot;boxWidth&quot;:&quot;170px&quot;,&quot;boxHeight&quot;:&quot;120px&quot;,&quot;boxSpace&quot;:&quot;30px&quot;,&quot;isDaysSingleStyle&quot;:false,&quot;daysBG&quot;:{&quot;type&quot;:&quot;gradient&quot;,&quot;color&quot;:&quot;#146EF5&quot;,&quot;gradient&quot;:&quot;linear-gradient(135deg, #0040E3, #18D4FD)&quot;},&quot;daysDigitColor&quot;:&quot;#fff&quot;,&quot;daysLabelColor&quot;:&quot;#fff&quot;,&quot;isHoursSingleStyle&quot;:false,&quot;hoursBG&quot;:{&quot;type&quot;:&quot;gradient&quot;,&quot;color&quot;:&quot;#146EF5&quot;,&quot;gradient&quot;:&quot;linear-gradient(135deg, #0040E3, #18D4FD)&quot;},&quot;hoursDigitColor&quot;:&quot;#fff&quot;,&quot;hoursLabelColor&quot;:&quot;#fff&quot;,&quot;isMinutesSingleStyle&quot;:false,&quot;minutesBG&quot;:{&quot;type&quot;:&quot;gradient&quot;,&quot;color&quot;:&quot;#146EF5&quot;,&quot;gradient&quot;:&quot;linear-gradient(135deg, #0040E3, #18D4FD)&quot;},&quot;minutesDigitColor&quot;:&quot;#fff&quot;,&quot;minutesLabelColor&quot;:&quot;#fff&quot;,&quot;isSecondsSingleStyle&quot;:false,&quot;secondsBG&quot;:{&quot;type&quot;:&quot;gradient&quot;,&quot;color&quot;:&quot;#146EF5&quot;,&quot;gradient&quot;:&quot;linear-gradient(135deg, #0040E3, #18D4FD)&quot;},&quot;secondsDigitColor&quot;:&quot;#fff&quot;,&quot;secondsLabelColor&quot;:&quot;#fff&quot;,&quot;sepType&quot;:&quot;:&quot;,&quot;sepSize&quot;:52,&quot;sepColor&quot;:&quot;#146EF5&quot;,&quot;prefixTextTypo&quot;:{&quot;fontSize&quot;:{&quot;desktop&quot;:&quot;15px&quot;}},&quot;prefixTextColor&quot;:&quot;#222&quot;,&quot;suffixButtonTypo&quot;:{&quot;fontSize&quot;:{&quot;desktop&quot;:&quot;16px&quot;}},&quot;suffixButtonColors&quot;:{&quot;color&quot;:&quot;#fff&quot;,&quot;bg&quot;:&quot;#222&quot;},&quot;suffixButtonPadding&quot;:{&quot;vertical&quot;:&quot;14px&quot;,&quot;horizontal&quot;:&quot;28px&quot;},&quot;isDismiss&quot;:false,&quot;dismissColor&quot;:&quot;#333&quot;}'\n\tdata-content='&quot;&quot;'\n><\/div>\n\n\n<div class=\"wp-block-columns alignfull is-layout-flex wp-container-core-columns-is-layout-9d6595d7 wp-block-columns-is-layout-flex\">\n<div class=\"wp-block-column is-layout-flow wp-block-column-is-layout-flow\" style=\"flex-basis:50%\">\n<div class=\"wp-block-cover is-light\" style=\"min-height:600px;aspect-ratio:unset;\"><span aria-hidden=\"true\" class=\"wp-block-cover__background has-background-dim-100 has-background-dim\" style=\"background-color:#f6f6f6\"><\/span><div class=\"wp-block-cover__inner-container is-layout-flow wp-block-cover-is-layout-flow\"><div class=\"wp-block-image\">\n<figure class=\"aligncenter size-large is-resized\"><a href=\"https:\/\/www.sonigob.org\/home\/wp-content\/uploads\/2022\/05\/AFICHE.jpeg\"><img decoding=\"async\" src=\"https:\/\/www.sonigob.org\/home\/wp-content\/uploads\/2022\/05\/AFICHE-723x1024.jpeg\" alt=\"\" class=\"wp-image-1003\" width=\"346\" height=\"491\" srcset=\"https:\/\/www.sonigob.org\/home\/wp-content\/uploads\/2022\/05\/AFICHE-723x1024.jpeg 723w, https:\/\/www.sonigob.org\/home\/wp-content\/uploads\/2022\/05\/AFICHE-212x300.jpeg 212w, https:\/\/www.sonigob.org\/home\/wp-content\/uploads\/2022\/05\/AFICHE-768x1087.jpeg 768w, https:\/\/www.sonigob.org\/home\/wp-content\/uploads\/2022\/05\/AFICHE.jpeg 904w\" sizes=\"(max-width: 346px) 100vw, 346px\" \/><\/a><\/figure>\n<\/div><\/div><\/div>\n<\/div>\n\n\n\n<div class=\"wp-block-column is-vertically-aligned-center is-layout-flow wp-block-column-is-layout-flow\" style=\"padding-top:1em;padding-right:1em;padding-bottom:1em;padding-left:1em\">\n<div class=\"wp-block-columns is-layout-flex wp-container-core-columns-is-layout-9d6595d7 wp-block-columns-is-layout-flex\">\n<div class=\"wp-block-column is-layout-flow wp-block-column-is-layout-flow\" style=\"flex-basis:320px\">\n<p class=\"has-white-color has-vivid-red-background-color has-text-color has-background\" style=\"font-size:16px;font-style:normal;font-weight:300;line-height:1.6\"><strong>TEMAS<\/strong><\/p>\n\n\n\n<ul class=\"has-white-background-color has-background wp-block-list\" style=\"font-size:18px;font-style:normal;font-weight:300\"><li>Restricci\u00f3n del crecimiento fetal<\/li><li>Anemia y embarazo<\/li><li>Anticoncepci\u00f3n<\/li><li>Vitamina D<\/li><li>VPH<\/li><li>Embarazo gemelar y cirug\u00eda fetal<\/li><li>Prolapso urogenital<\/li><\/ul>\n<\/div>\n<\/div>\n\n\n\n<h4 style=\"text-align: center;\"><strong>Hotel HEX Estel\u00ed &#8211; S\u00e1bado 28 de Mayo<\/strong><br><strong>Contacto: 8356-8025 &#8211; 8929-9660<\/strong><\/h4>\n<\/div>\n<\/div>\n\n\n\n<h2 class=\"has-text-align-center wp-block-heading\">Mensaje a nuevas Generaciones<\/h2>\n\n\n\n<div class=\"wp-block-columns is-layout-flex wp-container-core-columns-is-layout-9d6595d7 wp-block-columns-is-layout-flex\">\n<div class=\"wp-block-column is-layout-flow wp-block-column-is-layout-flow\">\n<iframe width=\"560\" height=\"315\" src=\"https:\/\/www.youtube.com\/embed\/0E7mo7sWlCw\" title=\"YouTube video player\" frameborder=\"0\" allow=\"accelerometer; autoplay; clipboard-write; encrypted-media; gyroscope; picture-in-picture\" allowfullscreen=\"\"><\/iframe>\n\n\n\n<h2 class=\"has-medium-font-size wp-block-heading\">Dra. Yamilet Sanches<\/h2>\n<\/div>\n\n\n\n<div class=\"wp-block-column is-layout-flow wp-block-column-is-layout-flow\">\n<iframe width=\"560\" height=\"315\" src=\"https:\/\/www.youtube.com\/embed\/zx253jIIqSE\" title=\"YouTube video player\" frameborder=\"0\" allow=\"accelerometer; autoplay; clipboard-write; encrypted-media; gyroscope; picture-in-picture\" allowfullscreen=\"\"><\/iframe>\n\n\n\n<h2 class=\"has-medium-font-size wp-block-heading\">Dra. Maria Isabel Selva<\/h2>\n<\/div>\n\n\n\n<div class=\"wp-block-column is-layout-flow wp-block-column-is-layout-flow\">\n<iframe width=\"560\" height=\"315\" src=\"https:\/\/www.youtube.com\/embed\/bG4z4SWaZOM\" title=\"YouTube video player\" frameborder=\"0\" allow=\"accelerometer; autoplay; clipboard-write; encrypted-media; gyroscope; picture-in-picture\" allowfullscreen=\"\"><\/iframe>\n\n\n\n<h2 class=\"has-medium-font-size wp-block-heading\">Dra. Floridalma Rivas<\/h2>\n<\/div>\n<\/div>\n\n\n\n<div class=\"wp-block-columns is-layout-flex wp-container-core-columns-is-layout-9d6595d7 wp-block-columns-is-layout-flex\">\n<div class=\"wp-block-column is-layout-flow wp-block-column-is-layout-flow\" style=\"flex-basis:100%\">\n<div class=\"wp-block-group\"><div class=\"wp-block-group__inner-container is-layout-flow wp-block-group-is-layout-flow\">\n<div class=\"wp-block-columns is-layout-flex wp-container-core-columns-is-layout-9d6595d7 wp-block-columns-is-layout-flex\">\n<div class=\"wp-block-column is-layout-flow wp-block-column-is-layout-flow\" style=\"flex-basis:100%\">\n<div class=\"wp-block-columns alignfull are-vertically-aligned-top is-layout-flex wp-container-core-columns-is-layout-9d6595d7 wp-block-columns-is-layout-flex\">\n<div class=\"wp-block-column is-vertically-aligned-top is-layout-flow wp-block-column-is-layout-flow\" style=\"flex-basis:50%\">\n<div class=\"wp-block-cover is-light\" style=\"min-height:600px;aspect-ratio:unset;\"><span aria-hidden=\"true\" class=\"wp-block-cover__background has-background-dim has-background-gradient\" style=\"background:radial-gradient(rgb(255,245,203) 0%,rgb(182,227,212) 50%,rgb(51,167,181) 100%)\"><\/span><div class=\"wp-block-cover__inner-container is-layout-flow wp-block-cover-is-layout-flow\"><div class=\"wp-block-image\">\n<figure class=\"aligncenter size-full is-resized\"><img decoding=\"async\" src=\"https:\/\/www.sonigob.org\/home\/wp-content\/uploads\/2022\/05\/4Dra.-Alberto-J-Benavidez-Amador.png\" alt=\"\" class=\"wp-image-988\" width=\"248\" height=\"371\" srcset=\"https:\/\/www.sonigob.org\/home\/wp-content\/uploads\/2022\/05\/4Dra.-Alberto-J-Benavidez-Amador.png 613w, https:\/\/www.sonigob.org\/home\/wp-content\/uploads\/2022\/05\/4Dra.-Alberto-J-Benavidez-Amador-200x300.png 200w\" sizes=\"(max-width: 248px) 100vw, 248px\" \/><\/figure>\n<\/div><\/div><\/div>\n<\/div>\n\n\n\n<div class=\"wp-block-column is-vertically-aligned-top is-layout-flow wp-block-column-is-layout-flow\" style=\"padding-top:1em;padding-right:1em;padding-bottom:1em;padding-left:1em\">\n<div class=\"wp-block-columns is-layout-flex wp-container-core-columns-is-layout-9d6595d7 wp-block-columns-is-layout-flex\">\n<div class=\"wp-block-column is-layout-flow wp-block-column-is-layout-flow\" style=\"flex-basis:320px\">\n<p class=\"has-medium-font-size\" style=\"line-height:1.6\"><strong>Mensaje del Doctor:<\/strong><\/p>\n\n\n\n<p style=\"font-size:14px\">A las nuevas generaciones les recomiendo:<\/p>\n\n\n\n<p style=\"font-size:14px\">Que atiendan a su paciente como un familiar as\u00ed con ese mismo amor q se le profesa a un ser querido, el conocimiento se convierta en un peque\u00f1o requisito para confortar al paciente en su estado de dolor.<\/p>\n\n\n\n<p style=\"font-size:14px\">Consagrarse a la profesi\u00f3n m\u00e9dica, dedicando el tiempo necesario para que cada d\u00eda seamos mejores en nuestro proceder.<\/p>\n\n\n\n<p style=\"font-size:14px\">Llenarnos de paciencia, solidaridad, f\u00e9 y respeto para con nuestros pacientes y compa\u00f1eros de trabajo, ya que las situaciones no siempre ser\u00e1n las mejores, pero si trabajan en equipo y respetan un c\u00f3digo de valores siempre podr\u00e1n llegar a una meta.<\/p>\n\n\n\n<p style=\"font-size:14px\">Y por \u00faltimo pero quiz\u00e1s lo m\u00e1s importante entreguen a Dios todos los d\u00edas de trabajo as\u00ed en tiempos dif\u00edciles no se sentir\u00e1n solos y siempre obtendr\u00e1n el mejor regalo de ser medico, que es ver sano y feliz a su paciente.<\/p>\n<\/div>\n<\/div>\n<\/div>\n<\/div>\n<\/div>\n<\/div>\n<\/div><\/div>\n<\/div>\n<\/div>\n","protected":false},"excerpt":{"rendered":"<p>EVENTOS CIENT\u00cdFICOS Dedicado a: TEMAS Restricci\u00f3n del crecimiento fetal Anemia y embarazo Anticoncepci\u00f3n Vitamina D VPH Embarazo gemelar y cirug\u00eda<\/p>\n<p><a href=\"https:\/\/www.sonigob.org\/home\/1simp_est\/\" class=\"more-link\">Continua&#8230;<span class=\"screen-reader-text\">I Simposio &#8211; Edici\u00f3n Estel\u00ed<\/span><\/a><\/p>\n","protected":false},"author":1,"featured_media":0,"parent":0,"menu_order":0,"comment_status":"closed","ping_status":"closed","template":"page-templates\/full-with-page.php","meta":{"footnotes":""},"class_list":["post-984","page","type-page","status-publish","hentry"],"_links":{"self":[{"href":"https:\/\/www.sonigob.org\/home\/wp-json\/wp\/v2\/pages\/984","targetHints":{"allow":["GET"]}}],"collection":[{"href":"https:\/\/www.sonigob.org\/home\/wp-json\/wp\/v2\/pages"}],"about":[{"href":"https:\/\/www.sonigob.org\/home\/wp-json\/wp\/v2\/types\/page"}],"author":[{"embeddable":true,"href":"https:\/\/www.sonigob.org\/home\/wp-json\/wp\/v2\/users\/1"}],"replies":[{"embeddable":true,"href":"https:\/\/www.sonigob.org\/home\/wp-json\/wp\/v2\/comments?post=984"}],"version-history":[{"count":20,"href":"https:\/\/www.sonigob.org\/home\/wp-json\/wp\/v2\/pages\/984\/revisions"}],"predecessor-version":[{"id":1127,"href":"https:\/\/www.sonigob.org\/home\/wp-json\/wp\/v2\/pages\/984\/revisions\/1127"}],"wp:attachment":[{"href":"https:\/\/www.sonigob.org\/home\/wp-json\/wp\/v2\/media?parent=984"}],"curies":[{"name":"wp","href":"https:\/\/api.w.org\/{rel}","templated":true}]}}