{"id":8914,"date":"2026-01-09T17:19:01","date_gmt":"2026-01-09T23:19:01","guid":{"rendered":"https:\/\/www.sonigob.org\/home\/?page_id=8914"},"modified":"2026-01-09T21:52:27","modified_gmt":"2026-01-10T03:52:27","slug":"simposio-internacional-multidisciplinario-de-ginecologia-oncologica","status":"publish","type":"page","link":"https:\/\/www.sonigob.org\/home\/simposio-internacional-multidisciplinario-de-ginecologia-oncologica\/","title":{"rendered":"Simposio Internacional Multidisciplinario de Ginecolog\u00eda Oncol\u00f3gica"},"content":{"rendered":"\n<h2 class=\"wp-block-heading has-text-align-right has-white-color has-vivid-red-background-color has-text-color has-background\" style=\"font-size:23px;font-style:normal;font-weight:200;text-transform:uppercase\">EVENTOS CIENT\u00cdFICOS<\/h2>\n\n\n\n<div class=\"wp-block-media-text alignwide is-stacked-on-mobile is-vertically-aligned-top has-black-color has-text-color\" style=\"grid-template-columns:36% auto\"><figure class=\"wp-block-media-text__media\"><a href=\"https:\/\/www.sonigob.org\/home\/wp-content\/uploads\/2026\/01\/ARERNA-ROBOTICA.png\"><img decoding=\"async\" width=\"760\" height=\"1024\" src=\"https:\/\/www.sonigob.org\/home\/wp-content\/uploads\/2026\/01\/ARERNA-ROBOTICA-760x1024.png\" alt=\"\" class=\"wp-image-8918 size-full\" srcset=\"https:\/\/www.sonigob.org\/home\/wp-content\/uploads\/2026\/01\/ARERNA-ROBOTICA-760x1024.png 760w, https:\/\/www.sonigob.org\/home\/wp-content\/uploads\/2026\/01\/ARERNA-ROBOTICA-223x300.png 223w, https:\/\/www.sonigob.org\/home\/wp-content\/uploads\/2026\/01\/ARERNA-ROBOTICA-768x1034.png 768w, https:\/\/www.sonigob.org\/home\/wp-content\/uploads\/2026\/01\/ARERNA-ROBOTICA.png 928w\" sizes=\"(max-width: 760px) 100vw, 760px\" \/><\/a><\/figure><div class=\"wp-block-media-text__content\">\n<p class=\"has-text-align-center has-black-color has-text-color\" style=\"font-size:17px;font-style:normal;font-weight:800\">12\u00ba<br>Simposio Internacional Multidisciplinario de Ginecolog\u00eda Oncol\u00f3gica<\/p>\n\n\n\n<p class=\"has-text-align-center has-black-color has-text-color\" style=\"font-size:17px;font-style:normal;font-weight:600\">S\u00e3o Paulo<\/p>\n\n\n\n<h3 class=\"wp-block-heading\" style=\"font-size:17px;font-style:normal;font-weight:800\">INVITACI\u00d3N:<\/h3>\n\n\n\n<p class=\"has-black-color has-text-color has-link-color wp-elements-8fe14abeaf01e8aa0c8b4a981f894ad7\">La Asociaci\u00f3n Nicarag\u00fcense de Ginecolog\u00eda y Obstetricia (SONIGOB) invita a sus miembros a participar en la <strong>12\u00aa edici\u00f3n del Simposio Internacional de Ginecolog\u00eda Oncol\u00f3gica<\/strong>.<\/p>\n\n\n\n<div class=\"wp-block-buttons is-layout-flex wp-block-buttons-is-layout-flex\">\n<div class=\"wp-block-button\"><a class=\"wp-block-button__link wp-element-button\" href=\"https:\/\/congressoginecologia.com.br\/gineco2026\">Sitio Oficial del Evento<\/a><\/div>\n<\/div>\n\n\n\n<div style=\"height:29px\" aria-hidden=\"true\" class=\"wp-block-spacer\"><\/div>\n\n\n\n<p class=\"has-black-color has-text-color has-link-color wp-elements-fbe92aa3785ac5a33567cb24860b5a34\"><strong>Fechas:<\/strong><\/p>\n\n\n\n<ul class=\"wp-block-list\">\n<li><strong>Simposio:<\/strong> 27 y 28 de Marzo del 2026<\/li>\n<\/ul>\n\n\n\n<p class=\"has-black-color has-text-color has-link-color wp-elements-9153b407da29aac178730adb3d884baf\"><strong>Lugar:<\/strong> Hotel Pullman Vila Ol\u00edmpia, S\u00e3o Paulo, Brasil<\/p>\n\n\n\n<p class=\"has-black-color has-text-color has-link-color wp-elements-821408933b5b8b6a8c8611aa0c61f21a\">Este evento contar\u00e1 con la participaci\u00f3n de panelistas internacionales de renombre, incluyendo a:<\/p>\n\n\n\n<p class=\"has-black-color has-text-color has-link-color wp-elements-fe9d381ab125addd99fda57fe38e9606\">Dr. Bradley Monk<br>Dr. Brian Slomovitz<br>Dr. David M. O&#8217;Malley<br>Dr. Ignacio Zapardiel<br>Dr. Jonathan Ledermann<\/p>\n\n\n\n<p class=\"has-black-color has-text-color has-link-color wp-elements-5e8a1b4e6916e238b8da503bca02d735\">Este evento es un referente en el calendario m\u00e9dico latinoamericano, consolidado como un punto de encuentro esencial para la actualizaci\u00f3n cient\u00edfica. Ofrece una inmersi\u00f3n en las \u00faltimas evidencias cl\u00ednicas, terapias emergentes y avances multidisciplinarios en el cuidado de la salud de la mujer.<\/p>\n\n\n\n<p class=\"has-text-align-left has-black-color has-text-color has-link-color wp-elements-17fb539e4c3a846afff92859774eb2b0\" style=\"font-style:normal;font-weight:700\">Temas:<\/p>\n\n\n\n<p class=\"has-black-color has-cyan-bluish-gray-background-color has-text-color has-background has-link-color wp-elements-81c941b2cbf91438a1056fbb46f2fadc\" style=\"font-style:normal;font-weight:400\"><strong>Sesi\u00f3n FEBRASGO \u2013 Actualizaciones para Ginec\u00f3logos, <\/strong><br>Dirigida por l\u00edderes universitarios, dise\u00f1ada especialmente para ginec\u00f3logos.<\/p>\n\n\n\n<p class=\"has-black-color has-cyan-bluish-gray-background-color has-text-color has-background has-link-color wp-elements-fbe05c9402ee55541a755f5b0435abaa\" style=\"font-style:normal;font-weight:400\"><strong>Arena Quir\u00fargica Rob\u00f3tica<\/strong><br>Incluye la Sesi\u00f3n de J\u00f3venes Onc\u00f3logos y la presentaci\u00f3n del Mejor Trabajo Cient\u00edfico, con sesiones interactivas.<br>Las sesiones en video y conferencias cortas abordar\u00e1n procedimientos estandarizados, fundamentos, resecciones ampliadas y reconstrucciones, as\u00ed como el manejo de complicaciones.<\/p>\n\n\n\n<p class=\"has-black-color has-cyan-bluish-gray-background-color has-text-color has-background has-link-color wp-elements-e2402dcf2d69c6ffce444af9bab5cade\" style=\"font-style:normal;font-weight:400\"><strong>Inhibidores de PARP: Un Nuevo Est\u00e1ndar en el Tratamiento del C\u00e1ncer de Endometrio y de Ovario<\/strong><\/p>\n\n\n\n<p class=\"has-black-color has-cyan-bluish-gray-background-color has-text-color has-background has-link-color wp-elements-2bd1149f40d092b0cd585ac154d60661\" style=\"font-style:normal;font-weight:400\"><strong>Tumor Board para Ginec\u00f3logos, <\/strong><br>M\u00e9dicos Generales y Estudiantes de Ciencias de la Salud<\/p>\n\n\n\n<p class=\"has-black-color has-cyan-bluish-gray-background-color has-text-color has-background has-link-color wp-elements-92ea4eecc64cd079b4f7969e3cf46042\" style=\"font-style:normal;font-weight:400\"><strong>Casos cl\u00ednicos interactivos con discusi\u00f3n multidisciplinaria de conductas.<\/strong><\/p>\n\n\n\n<p class=\"has-black-color has-cyan-bluish-gray-background-color has-text-color has-background has-link-color wp-elements-41a205d2780a394501990d50c6aec6d0\" style=\"font-style:normal;font-weight:400\"><strong>Conjugados Anticuerpo\u2013F\u00e1rmaco (ADCs) en el Tratamiento del C\u00e1ncer de Cuello Uterino, Endometrio y Ovario<\/strong><\/p>\n\n\n\n<p class=\"has-black-color has-cyan-bluish-gray-background-color has-text-color has-background has-link-color wp-elements-2008038125b2fc11dfe10288d08f1ad4\" style=\"font-style:normal;font-weight:400\"><strong>Simposio de Investigaci\u00f3n Cl\u00ednica LACOG<\/strong><\/p>\n\n\n\n<p class=\"has-black-color has-cyan-bluish-gray-background-color has-text-color has-background has-link-color wp-elements-87f0289a68f984f3a847051f5bf3782e\" style=\"font-style:normal;font-weight:400\"><strong>T\u00e9cnicas Citorreductoras en el Manejo de la Carcinomatosis Peritoneal Ginecol\u00f3gica<\/strong><\/p>\n\n\n\n<p class=\"has-black-color has-cyan-bluish-gray-background-color has-text-color has-background has-link-color wp-elements-5363972de05497199b57792a8c6ad9f9\" style=\"font-style:normal;font-weight:400\"><strong>Master Science \u2013 Presentaciones Orales (1h15min \u2013 en la plenaria)<\/strong><\/p>\n\n\n\n<p class=\"has-black-color has-cyan-bluish-gray-background-color has-text-color has-background has-link-color wp-elements-b00b13fbf3c38ec10f78c33a8cf5859c\" style=\"font-style:normal;font-weight:400\"><strong>Presentaci\u00f3n de los 7 principales estudios en curso o finalizados en 2025, publicados o in\u00e9ditos (preferiblemente presentados por sus autores o expertos del \u00e1rea).<\/strong><\/p>\n\n\n\n<p class=\"has-black-color has-cyan-bluish-gray-background-color has-text-color has-background has-link-color wp-elements-c69c30f9220c722cb1688a50e89b20b0\" style=\"font-style:normal;font-weight:400\"><strong>E-Posters y Videos On-Demand <\/strong><br>(en pantallas del \u00e1rea de exposici\u00f3n)<\/p>\n\n\n\n<p class=\"has-black-color has-cyan-bluish-gray-background-color has-text-color has-background has-link-color wp-elements-d6826facffcf260d9084e1ed70b462da\" style=\"font-style:normal;font-weight:400\"><strong>P\u00fablico objetivo: acad\u00e9micos, residentes y j\u00f3venes profesionales.<\/strong><\/p>\n\n\n\n<p class=\"has-black-color has-cyan-bluish-gray-background-color has-text-color has-background has-link-color wp-elements-3adffa4d877c5a46b7f0a935e3c80132\" style=\"font-style:normal;font-weight:400\"><strong>Sesi\u00f3n Multidisciplinaria \u2013 Avances en los MDTs de Oncolog\u00eda Ginecol\u00f3gica<\/strong><\/p>\n\n\n\n<p class=\"has-black-color has-cyan-bluish-gray-background-color has-text-color has-background has-link-color wp-elements-32e4536e4535339e342fb8b2f842a772\" style=\"font-style:normal;font-weight:400\"><strong>Imagen en Oncolog\u00eda Ginecol\u00f3gica<\/strong><\/p>\n\n\n\n<p class=\"has-black-color has-cyan-bluish-gray-background-color has-text-color has-background has-link-color wp-elements-0b6a05607f86eb4675ec560f7f0af796\" style=\"font-style:normal;font-weight:400\"><strong>C\u00f3mo optimizar los informes y mejorar la comunicaci\u00f3n entre radi\u00f3logos y ginec\u00f3logos.<\/strong><\/p>\n\n\n\n<p class=\"has-black-color has-cyan-bluish-gray-background-color has-text-color has-background has-link-color wp-elements-2d4fcc8f2c539839320fe4a762a08603\" style=\"font-style:normal;font-weight:400\"><strong>Sala Quir\u00fargica en Oncolog\u00eda Ginecol\u00f3gica<\/strong><\/p>\n\n\n\n<p class=\"has-black-color has-cyan-bluish-gray-background-color has-text-color has-background has-link-color wp-elements-e4024332030f91ede559449cce2cb6af\" style=\"font-style:normal;font-weight:400\"><strong>C\u00f3mo destacarse en el quir\u00f3fano \u2013 trabajo conjunto de los equipos multidisciplinarios (MDTs).<\/strong><\/p>\n\n\n\n<p class=\"has-black-color has-cyan-bluish-gray-background-color has-text-color has-background has-link-color wp-elements-8d5661f98d34b66ea5d3bd4204d154f0\" style=\"font-style:normal;font-weight:400\"><strong>Oncogen\u00e9tica: Lo Que los Ginec\u00f3logos Deben Saber<\/strong><\/p>\n\n\n\n<p class=\"has-black-color has-cyan-bluish-gray-background-color has-text-color has-background has-link-color wp-elements-39e191baf2b46606776b255195e1c844\" style=\"font-style:normal;font-weight:400\"><strong>Tumores Ginecol\u00f3gicos Raros: Manejo Actual y Avances<\/strong><\/p>\n\n\n\n<p class=\"has-black-color has-cyan-bluish-gray-background-color has-text-color has-background has-link-color wp-elements-7ba2f767961f7c86515786b13bfc45cd\" style=\"font-style:normal;font-weight:400\"><strong>Procedimientos Estandarizados y Manejo Perioperatorio Optimizado<\/strong><\/p>\n\n\n\n<p class=\"has-black-color has-cyan-bluish-gray-background-color has-text-color has-background has-link-color wp-elements-c36048831d6130d6dbc06037f8a11d54\" style=\"font-style:normal;font-weight:400\"><strong>Curso completo con evaluaci\u00f3n integral del manejo perioperatorio, estandarizaci\u00f3n de los principales procedimientos quir\u00fargicos, implementaci\u00f3n y resultados del protocolo ERAS, mejores indicaciones y cuidados posoperatorios.<\/strong><\/p>\n\n\n\n<p class=\"has-black-color has-cyan-bluish-gray-background-color has-text-color has-background has-link-color wp-elements-120100014f7150e626c0875bf3dc67d7\" style=\"font-style:normal;font-weight:400\"><strong>Sesi\u00f3n ESGO<\/strong><\/p>\n\n\n\n<p class=\"has-black-color has-cyan-bluish-gray-background-color has-text-color has-background has-link-color wp-elements-e9e0a947eb5d45f1313b914bf1499d86\" style=\"font-style:normal;font-weight:400\"><strong>Principales avances cient\u00edficos de ESGO 2025<\/strong>, programas y certificaciones de garant\u00eda de calidad, e investigaciones en curso.<\/p>\n\n\n\n<p class=\"has-text-align-left has-black-color has-cyan-bluish-gray-background-color has-text-color has-background has-link-color wp-elements-8f2ee453a807b3b3a16ae3d0d5c7c54e\" style=\"font-style:normal;font-weight:400\"><strong>Sesiones \u201cMeet the Expert\u201d<\/strong> \u2013 <br>40 min cada una, con 12 profesores seleccionados y grupos de hasta 6 participantes.<\/p>\n\n\n\n<div class=\"wp-block-buttons is-content-justification-center is-layout-flex wp-container-core-buttons-is-layout-16018d1d wp-block-buttons-is-layout-flex\">\n<div class=\"wp-block-button\"><a class=\"wp-block-button__link wp-element-button\" href=\"https:\/\/congressoginecologia.com.br\/evento\/gineco2026\/programacao\/lista\" target=\"_blank\" rel=\"noreferrer noopener\">PROGRAMA<\/a><\/div>\n<\/div>\n\n\n<div\n\t\tclass=\"free align wp-block-ctb-countdown-time\"\tid='ctbCountdownTime-1'\n\tdata-nonce='&quot;826b2e1c42&quot;'\n\tdata-attributes='{&quot;destDate&quot;:&quot;2026-03-27T08:00:00&quot;,&quot;layout&quot;:&quot;layout2&quot;,&quot;background&quot;:{&quot;type&quot;:&quot;solid&quot;,&quot;color&quot;:&quot;#0000&quot;,&quot;styles&quot;:&quot;background-color: #0000;&quot;,&quot;gradient&quot;:&quot;linear-gradient(135deg, #4527a4, #8344c5)&quot;,&quot;image&quot;:[],&quot;position&quot;:&quot;center center&quot;,&quot;attachment&quot;:&quot;initial&quot;,&quot;repeat&quot;:&quot;no-repeat&quot;,&quot;size&quot;:&quot;cover&quot;,&quot;overlayColor&quot;:&quot;#000000b3&quot;},&quot;padding&quot;:{&quot;vertical&quot;:&quot;5px&quot;,&quot;horizontal&quot;:&quot;10px&quot;,&quot;side&quot;:2,&quot;top&quot;:&quot;0px&quot;,&quot;right&quot;:&quot;0px&quot;,&quot;bottom&quot;:&quot;0px&quot;,&quot;left&quot;:&quot;0px&quot;,&quot;styles&quot;:&quot;5px 10px&quot;},&quot;shadow&quot;:{&quot;hOffset&quot;:&quot;0px&quot;,&quot;vOffset&quot;:&quot;0px&quot;,&quot;color&quot;:&quot;#0000&quot;,&quot;styles&quot;:&quot;0px 0px 0px 0px #0000&quot;,&quot;type&quot;:&quot;box&quot;,&quot;blur&quot;:&quot;0px&quot;,&quot;spreed&quot;:&quot;0px&quot;,&quot;isInset&quot;:false},&quot;boxBG&quot;:{&quot;type&quot;:&quot;solid&quot;,&quot;color&quot;:&quot;#0000&quot;,&quot;styles&quot;:&quot;background-color: #0000;&quot;,&quot;gradient&quot;:&quot;linear-gradient(135deg, #4527a4, #8344c5)&quot;,&quot;image&quot;:[],&quot;position&quot;:&quot;center center&quot;,&quot;attachment&quot;:&quot;initial&quot;,&quot;repeat&quot;:&quot;no-repeat&quot;,&quot;size&quot;:&quot;cover&quot;,&quot;overlayColor&quot;:&quot;#000000b3&quot;},&quot;boxWidth&quot;:&quot;100px&quot;,&quot;boxHeight&quot;:&quot;70px&quot;,&quot;boxSpace&quot;:&quot;20px&quot;,&quot;boxBorder&quot;:{&quot;width&quot;:&quot;2px&quot;,&quot;type&quot;:&quot;solid&quot;,&quot;color&quot;:&quot;rgba(163, 48, 39, 1)&quot;,&quot;radius&quot;:&quot;5%&quot;,&quot;styles&quot;:&quot;border-top: 2px solid rgba(163, 48, 39, 1); border-right: 2px solid rgba(163, 48, 39, 1); border-bottom: 2px solid rgba(163, 48, 39, 1); border-left: 2px solid rgba(163, 48, 39, 1); border-radius: 5%;&quot;,&quot;style&quot;:&quot;solid&quot;,&quot;side&quot;:&quot;all&quot;},&quot;boxShadow&quot;:{&quot;type&quot;:&quot;box&quot;,&quot;hOffset&quot;:&quot;0px&quot;,&quot;vOffset&quot;:&quot;0px&quot;,&quot;blur&quot;:&quot;0px&quot;,&quot;spreed&quot;:&quot;0px&quot;,&quot;color&quot;:&quot;#7090b0&quot;,&quot;isInset&quot;:false,&quot;styles&quot;:&quot;0px 0px 0px 0px #7090b0&quot;},&quot;digitTypo&quot;:{&quot;fontSize&quot;:25,&quot;styles&quot;:&quot;font-family: &#039;Open Sans&#039;, sans-serif; font-weight: 300; font-size: 25px; line-height: 135%;&quot;,&quot;googleFontLink&quot;:&quot;https:\\\/\\\/fonts.googleapis.com\\\/css2?family=Open+Sans:wght@300u0026display=swap&quot;,&quot;fontFamily&quot;:&quot;Open Sans&quot;,&quot;fontCategory&quot;:&quot;sans-serif&quot;,&quot;fontWeight&quot;:300,&quot;fontVariant&quot;:&quot;300&quot;,&quot;fontStyle&quot;:&quot;normal&quot;,&quot;lineHeight&quot;:&quot;135%&quot;,&quot;textDecoration&quot;:&quot;auto&quot;},&quot;digitColor&quot;:&quot;rgba(2, 2, 2, 1)&quot;,&quot;labelTypo&quot;:{&quot;fontSize&quot;:18,&quot;styles&quot;:&quot;font-size: 18px; line-height: 135%;&quot;,&quot;googleFontLink&quot;:&quot;&quot;},&quot;labelColor&quot;:&quot;rgba(163, 39, 39, 0.82)&quot;,&quot;isSep&quot;:true,&quot;align&quot;:&quot;&quot;,&quot;isResponsive&quot;:true,&quot;boxIsInline&quot;:false,&quot;boxPosition&quot;:&quot;center&quot;,&quot;isLabels&quot;:true,&quot;isDays&quot;:true,&quot;daysLabel&quot;:&quot;Days&quot;,&quot;isHours&quot;:true,&quot;hoursLabel&quot;:&quot;Hours&quot;,&quot;isMinutes&quot;:true,&quot;minutesLabel&quot;:&quot;Minutes&quot;,&quot;isSeconds&quot;:true,&quot;secondsLabel&quot;:&quot;Seconds&quot;,&quot;isExpired&quot;:false,&quot;hideOn0&quot;:false,&quot;hideOnMobile&quot;:false,&quot;hideOnTablet&quot;:false,&quot;prefixSuffixDirection&quot;:&quot;row&quot;,&quot;prefixText&quot;:&quot;&quot;,&quot;suffixButtonText&quot;:&quot;&quot;,&quot;suffixButtonUrl&quot;:&quot;#&quot;,&quot;addID&quot;:&quot;&quot;,&quot;addClass&quot;:&quot;&quot;,&quot;addCSS&quot;:&quot;&quot;,&quot;width&quot;:&quot;0px&quot;,&quot;alignment&quot;:&quot;center&quot;,&quot;isDaysSingleStyle&quot;:false,&quot;daysBG&quot;:{&quot;type&quot;:&quot;gradient&quot;,&quot;color&quot;:&quot;#146EF5&quot;,&quot;gradient&quot;:&quot;linear-gradient(135deg, #0040E3, #18D4FD)&quot;},&quot;daysDigitColor&quot;:&quot;#fff&quot;,&quot;daysLabelColor&quot;:&quot;#fff&quot;,&quot;isHoursSingleStyle&quot;:false,&quot;hoursBG&quot;:{&quot;type&quot;:&quot;gradient&quot;,&quot;color&quot;:&quot;#146EF5&quot;,&quot;gradient&quot;:&quot;linear-gradient(135deg, #0040E3, #18D4FD)&quot;},&quot;hoursDigitColor&quot;:&quot;#fff&quot;,&quot;hoursLabelColor&quot;:&quot;#fff&quot;,&quot;isMinutesSingleStyle&quot;:false,&quot;minutesBG&quot;:{&quot;type&quot;:&quot;gradient&quot;,&quot;color&quot;:&quot;#146EF5&quot;,&quot;gradient&quot;:&quot;linear-gradient(135deg, #0040E3, #18D4FD)&quot;},&quot;minutesDigitColor&quot;:&quot;#fff&quot;,&quot;minutesLabelColor&quot;:&quot;#fff&quot;,&quot;isSecondsSingleStyle&quot;:false,&quot;secondsBG&quot;:{&quot;type&quot;:&quot;gradient&quot;,&quot;color&quot;:&quot;#146EF5&quot;,&quot;gradient&quot;:&quot;linear-gradient(135deg, #0040E3, #18D4FD)&quot;},&quot;secondsDigitColor&quot;:&quot;#fff&quot;,&quot;secondsLabelColor&quot;:&quot;#fff&quot;,&quot;sepType&quot;:&quot;:&quot;,&quot;sepSize&quot;:52,&quot;sepColor&quot;:&quot;#146EF5&quot;,&quot;prefixTextTypo&quot;:{&quot;fontSize&quot;:{&quot;desktop&quot;:&quot;15px&quot;}},&quot;prefixTextColor&quot;:&quot;#222&quot;,&quot;suffixButtonTypo&quot;:{&quot;fontSize&quot;:{&quot;desktop&quot;:&quot;16px&quot;}},&quot;suffixButtonColors&quot;:{&quot;color&quot;:&quot;#fff&quot;,&quot;bg&quot;:&quot;#222&quot;},&quot;suffixButtonPadding&quot;:{&quot;vertical&quot;:&quot;14px&quot;,&quot;horizontal&quot;:&quot;28px&quot;},&quot;isDismiss&quot;:false,&quot;dismissColor&quot;:&quot;#333&quot;}'\n\tdata-content='&quot;&quot;'\n><\/div><\/div><\/div>\n\n\n\n<hr class=\"wp-block-separator has-alpha-channel-opacity is-style-wide\"\/>\n","protected":false},"excerpt":{"rendered":"<p>EVENTOS CIENT\u00cdFICOS<\/p>\n","protected":false},"author":2,"featured_media":0,"parent":0,"menu_order":0,"comment_status":"closed","ping_status":"closed","template":"page-templates\/full-with-page.php","meta":{"footnotes":""},"class_list":["post-8914","page","type-page","status-publish","hentry"],"_links":{"self":[{"href":"https:\/\/www.sonigob.org\/home\/wp-json\/wp\/v2\/pages\/8914","targetHints":{"allow":["GET"]}}],"collection":[{"href":"https:\/\/www.sonigob.org\/home\/wp-json\/wp\/v2\/pages"}],"about":[{"href":"https:\/\/www.sonigob.org\/home\/wp-json\/wp\/v2\/types\/page"}],"author":[{"embeddable":true,"href":"https:\/\/www.sonigob.org\/home\/wp-json\/wp\/v2\/users\/2"}],"replies":[{"embeddable":true,"href":"https:\/\/www.sonigob.org\/home\/wp-json\/wp\/v2\/comments?post=8914"}],"version-history":[{"count":19,"href":"https:\/\/www.sonigob.org\/home\/wp-json\/wp\/v2\/pages\/8914\/revisions"}],"predecessor-version":[{"id":8944,"href":"https:\/\/www.sonigob.org\/home\/wp-json\/wp\/v2\/pages\/8914\/revisions\/8944"}],"wp:attachment":[{"href":"https:\/\/www.sonigob.org\/home\/wp-json\/wp\/v2\/media?parent=8914"}],"curies":[{"name":"wp","href":"https:\/\/api.w.org\/{rel}","templated":true}]}}