{"id":64,"date":"2022-04-08T21:45:16","date_gmt":"2022-04-08T21:45:16","guid":{"rendered":"http:\/\/www.sonigob.org\/home\/?page_id=64"},"modified":"2022-06-10T13:35:38","modified_gmt":"2022-06-10T19:35:38","slug":"congresos","status":"publish","type":"page","link":"https:\/\/www.sonigob.org\/home\/congresos\/","title":{"rendered":"Congresos SONIGOB"},"content":{"rendered":"\n<h2 class=\"has-text-align-right has-white-color has-vivid-red-background-color has-text-color has-background wp-block-heading\" style=\"font-size:23px;font-style:normal;font-weight:200;text-transform:uppercase\">EVENTOS CIENT\u00cdFICOS<\/h2>\n\n\n\n<div class=\"wp-block-media-text alignwide is-stacked-on-mobile has-black-color has-text-color\" style=\"grid-template-columns:36% auto\"><figure class=\"wp-block-media-text__media\"><a href=\"https:\/\/www.sonigob.org\/home\/popupbuilder\/xxii-congreso\/\"><img decoding=\"async\" width=\"855\" height=\"1024\" src=\"https:\/\/www.sonigob.org\/home\/wp-content\/uploads\/2022\/05\/XXII_CONGRESO-855x1024.jpeg\" alt=\"\" class=\"wp-image-913 size-full\" srcset=\"https:\/\/www.sonigob.org\/home\/wp-content\/uploads\/2022\/05\/XXII_CONGRESO-855x1024.jpeg 855w, https:\/\/www.sonigob.org\/home\/wp-content\/uploads\/2022\/05\/XXII_CONGRESO-251x300.jpeg 251w, https:\/\/www.sonigob.org\/home\/wp-content\/uploads\/2022\/05\/XXII_CONGRESO-768x920.jpeg 768w, https:\/\/www.sonigob.org\/home\/wp-content\/uploads\/2022\/05\/XXII_CONGRESO.jpeg 1069w\" sizes=\"(max-width: 855px) 100vw, 855px\" \/><\/a><\/figure><div class=\"wp-block-media-text__content\">\n<p class=\"has-text-align-center has-black-color has-text-color\" style=\"font-size:17px\"><strong>XXII Congreso de Ginecolog\u00eda y Obstetricia<\/strong><br>Retos en la atenci\u00f3n integral de las mujeres hoy d\u00eda.<\/p>\n\n\n\n<p class=\"has-black-color has-text-color has-background\" style=\"background-color:#f5e7e7;font-style:normal;font-weight:300\"><strong>Lugar:<\/strong> Hotel Holiday Inn &#8211; Managua<br><strong>Fecha PreCongreso:<\/strong> 14 de Julio del 2022<br><strong>Fecha:<\/strong> 15 y 16 de Julio del 2022<br><strong>Temas:<\/strong><br>&#8211; Tem\u00e1tica quir\u00fargicas y abordaje de control de da\u00f1os en hemorragias post parto.<br>&#8211; Espectro de placenta acreta<br>&#8211; Cirug\u00eda Fetal<br>&#8211; Novedades en c\u00e1ncer de mama y vacunas frenteal al DPH<br>&#8211; Colposuspensi\u00f3n: Actualizaciones en t\u00e9cnicas quir\u00fargicas<br>&#8211; Cirug\u00eda de m\u00ednima invasi\u00f3n en oncolog\u00eda  ginecol\u00f3gica<br>&#8211; Histeroscopia diagnostica y quir\u00fargica<br>&#8211; Nuevos par\u00e1metros para evaluaci\u00f3n de fertilidad<br>&#8211; Tips en el manejo de terapia de reposici\u00f3n hormonal<br>&#8211; Embarazo multiple y restricci\u00f3n de crecimiento fetal<\/p>\n\n\n<div\n\t\tclass=\"free align wp-block-ctb-countdown-time\"\tid='ctbCountdownTime-1'\n\tdata-nonce='&quot;09fb51d3d5&quot;'\n\tdata-attributes='{&quot;cId&quot;:&quot;23750c2a-6&quot;,&quot;destDate&quot;:&quot;2022-07-07T08:00:00&quot;,&quot;layout&quot;:&quot;layout2&quot;,&quot;background&quot;:{&quot;type&quot;:&quot;solid&quot;,&quot;color&quot;:&quot;#0000&quot;,&quot;styles&quot;:&quot;background-color: #0000;&quot;,&quot;gradient&quot;:&quot;linear-gradient(135deg, #4527a4, #8344c5)&quot;,&quot;image&quot;:[],&quot;position&quot;:&quot;center center&quot;,&quot;attachment&quot;:&quot;initial&quot;,&quot;repeat&quot;:&quot;no-repeat&quot;,&quot;size&quot;:&quot;cover&quot;,&quot;overlayColor&quot;:&quot;#000000b3&quot;},&quot;padding&quot;:{&quot;vertical&quot;:&quot;5px&quot;,&quot;horizontal&quot;:&quot;10px&quot;,&quot;side&quot;:2,&quot;top&quot;:&quot;0px&quot;,&quot;right&quot;:&quot;0px&quot;,&quot;bottom&quot;:&quot;0px&quot;,&quot;left&quot;:&quot;0px&quot;,&quot;styles&quot;:&quot;5px 10px&quot;},&quot;shadow&quot;:{&quot;hOffset&quot;:&quot;0px&quot;,&quot;vOffset&quot;:&quot;0px&quot;,&quot;color&quot;:&quot;#0000&quot;,&quot;styles&quot;:&quot;0px 0px 0px 0px #0000&quot;,&quot;type&quot;:&quot;box&quot;,&quot;blur&quot;:&quot;0px&quot;,&quot;spreed&quot;:&quot;0px&quot;,&quot;isInset&quot;:false},&quot;boxBG&quot;:{&quot;type&quot;:&quot;solid&quot;,&quot;color&quot;:&quot;#0000&quot;,&quot;styles&quot;:&quot;background-color: #0000;&quot;,&quot;gradient&quot;:&quot;linear-gradient(135deg, #4527a4, #8344c5)&quot;,&quot;image&quot;:[],&quot;position&quot;:&quot;center center&quot;,&quot;attachment&quot;:&quot;initial&quot;,&quot;repeat&quot;:&quot;no-repeat&quot;,&quot;size&quot;:&quot;cover&quot;,&quot;overlayColor&quot;:&quot;#000000b3&quot;},&quot;boxWidth&quot;:&quot;100px&quot;,&quot;boxHeight&quot;:&quot;70px&quot;,&quot;boxSpace&quot;:&quot;20px&quot;,&quot;boxBorder&quot;:{&quot;width&quot;:&quot;2px&quot;,&quot;type&quot;:&quot;solid&quot;,&quot;color&quot;:&quot;rgba(163, 48, 39, 1)&quot;,&quot;radius&quot;:&quot;5%&quot;,&quot;styles&quot;:&quot;border-top: 2px solid rgba(163, 48, 39, 1); border-right: 2px solid rgba(163, 48, 39, 1); border-bottom: 2px solid rgba(163, 48, 39, 1); border-left: 2px solid rgba(163, 48, 39, 1); border-radius: 5%;&quot;,&quot;style&quot;:&quot;solid&quot;,&quot;side&quot;:&quot;all&quot;},&quot;boxShadow&quot;:{&quot;type&quot;:&quot;box&quot;,&quot;hOffset&quot;:&quot;0px&quot;,&quot;vOffset&quot;:&quot;0px&quot;,&quot;blur&quot;:&quot;0px&quot;,&quot;spreed&quot;:&quot;0px&quot;,&quot;color&quot;:&quot;#7090b0&quot;,&quot;isInset&quot;:false,&quot;styles&quot;:&quot;0px 0px 0px 0px #7090b0&quot;},&quot;digitTypo&quot;:{&quot;fontSize&quot;:25,&quot;styles&quot;:&quot;font-family: &#039;Open Sans&#039;, sans-serif; font-weight: 300; font-size: 25px; line-height: 135%;&quot;,&quot;googleFontLink&quot;:&quot;https:\\\/\\\/fonts.googleapis.com\\\/css2?family=Open+Sans:wght@300&amp;display=swap&quot;,&quot;fontFamily&quot;:&quot;Open Sans&quot;,&quot;fontCategory&quot;:&quot;sans-serif&quot;,&quot;fontWeight&quot;:300,&quot;fontVariant&quot;:&quot;300&quot;,&quot;fontStyle&quot;:&quot;normal&quot;,&quot;lineHeight&quot;:&quot;135%&quot;,&quot;textDecoration&quot;:&quot;auto&quot;},&quot;digitColor&quot;:&quot;rgba(2, 2, 2, 1)&quot;,&quot;labelTypo&quot;:{&quot;fontSize&quot;:18,&quot;styles&quot;:&quot;font-size: 18px; line-height: 135%;&quot;,&quot;googleFontLink&quot;:&quot;&quot;},&quot;labelColor&quot;:&quot;rgba(163, 39, 39, 0.82)&quot;,&quot;isSep&quot;:true,&quot;align&quot;:&quot;&quot;,&quot;isResponsive&quot;:true,&quot;boxIsInline&quot;:false,&quot;boxPosition&quot;:&quot;center&quot;,&quot;isLabels&quot;:true,&quot;isDays&quot;:true,&quot;daysLabel&quot;:&quot;Days&quot;,&quot;isHours&quot;:true,&quot;hoursLabel&quot;:&quot;Hours&quot;,&quot;isMinutes&quot;:true,&quot;minutesLabel&quot;:&quot;Minutes&quot;,&quot;isSeconds&quot;:true,&quot;secondsLabel&quot;:&quot;Seconds&quot;,&quot;isExpired&quot;:false,&quot;hideOn0&quot;:false,&quot;hideOnMobile&quot;:false,&quot;hideOnTablet&quot;:false,&quot;prefixSuffixDirection&quot;:&quot;row&quot;,&quot;prefixText&quot;:&quot;&quot;,&quot;suffixButtonText&quot;:&quot;&quot;,&quot;suffixButtonUrl&quot;:&quot;#&quot;,&quot;addID&quot;:&quot;&quot;,&quot;addClass&quot;:&quot;&quot;,&quot;addCSS&quot;:&quot;&quot;,&quot;width&quot;:&quot;0px&quot;,&quot;alignment&quot;:&quot;center&quot;,&quot;isDaysSingleStyle&quot;:false,&quot;daysBG&quot;:{&quot;type&quot;:&quot;gradient&quot;,&quot;color&quot;:&quot;#146EF5&quot;,&quot;gradient&quot;:&quot;linear-gradient(135deg, #0040E3, #18D4FD)&quot;},&quot;daysDigitColor&quot;:&quot;#fff&quot;,&quot;daysLabelColor&quot;:&quot;#fff&quot;,&quot;isHoursSingleStyle&quot;:false,&quot;hoursBG&quot;:{&quot;type&quot;:&quot;gradient&quot;,&quot;color&quot;:&quot;#146EF5&quot;,&quot;gradient&quot;:&quot;linear-gradient(135deg, #0040E3, #18D4FD)&quot;},&quot;hoursDigitColor&quot;:&quot;#fff&quot;,&quot;hoursLabelColor&quot;:&quot;#fff&quot;,&quot;isMinutesSingleStyle&quot;:false,&quot;minutesBG&quot;:{&quot;type&quot;:&quot;gradient&quot;,&quot;color&quot;:&quot;#146EF5&quot;,&quot;gradient&quot;:&quot;linear-gradient(135deg, #0040E3, #18D4FD)&quot;},&quot;minutesDigitColor&quot;:&quot;#fff&quot;,&quot;minutesLabelColor&quot;:&quot;#fff&quot;,&quot;isSecondsSingleStyle&quot;:false,&quot;secondsBG&quot;:{&quot;type&quot;:&quot;gradient&quot;,&quot;color&quot;:&quot;#146EF5&quot;,&quot;gradient&quot;:&quot;linear-gradient(135deg, #0040E3, #18D4FD)&quot;},&quot;secondsDigitColor&quot;:&quot;#fff&quot;,&quot;secondsLabelColor&quot;:&quot;#fff&quot;,&quot;sepType&quot;:&quot;:&quot;,&quot;sepSize&quot;:52,&quot;sepColor&quot;:&quot;#146EF5&quot;,&quot;prefixTextTypo&quot;:{&quot;fontSize&quot;:{&quot;desktop&quot;:&quot;15px&quot;}},&quot;prefixTextColor&quot;:&quot;#222&quot;,&quot;suffixButtonTypo&quot;:{&quot;fontSize&quot;:{&quot;desktop&quot;:&quot;16px&quot;}},&quot;suffixButtonColors&quot;:{&quot;color&quot;:&quot;#fff&quot;,&quot;bg&quot;:&quot;#222&quot;},&quot;suffixButtonPadding&quot;:{&quot;vertical&quot;:&quot;14px&quot;,&quot;horizontal&quot;:&quot;28px&quot;},&quot;isDismiss&quot;:false,&quot;dismissColor&quot;:&quot;#333&quot;}'\n\tdata-content='&quot;&quot;'\n><\/div><\/div><\/div>\n\n\n\n<hr class=\"wp-block-separator has-alpha-channel-opacity is-style-wide\"\/>\n","protected":false},"excerpt":{"rendered":"<p>EVENTOS CIENT\u00cdFICOS<\/p>\n","protected":false},"author":1,"featured_media":0,"parent":0,"menu_order":0,"comment_status":"closed","ping_status":"closed","template":"page-templates\/full-with-page.php","meta":{"footnotes":""},"class_list":["post-64","page","type-page","status-publish","hentry"],"_links":{"self":[{"href":"https:\/\/www.sonigob.org\/home\/wp-json\/wp\/v2\/pages\/64","targetHints":{"allow":["GET"]}}],"collection":[{"href":"https:\/\/www.sonigob.org\/home\/wp-json\/wp\/v2\/pages"}],"about":[{"href":"https:\/\/www.sonigob.org\/home\/wp-json\/wp\/v2\/types\/page"}],"author":[{"embeddable":true,"href":"https:\/\/www.sonigob.org\/home\/wp-json\/wp\/v2\/users\/1"}],"replies":[{"embeddable":true,"href":"https:\/\/www.sonigob.org\/home\/wp-json\/wp\/v2\/comments?post=64"}],"version-history":[{"count":26,"href":"https:\/\/www.sonigob.org\/home\/wp-json\/wp\/v2\/pages\/64\/revisions"}],"predecessor-version":[{"id":2653,"href":"https:\/\/www.sonigob.org\/home\/wp-json\/wp\/v2\/pages\/64\/revisions\/2653"}],"wp:attachment":[{"href":"https:\/\/www.sonigob.org\/home\/wp-json\/wp\/v2\/media?parent=64"}],"curies":[{"name":"wp","href":"https:\/\/api.w.org\/{rel}","templated":true}]}}