{"id":538,"date":"2022-04-30T18:40:36","date_gmt":"2022-05-01T00:40:36","guid":{"rendered":"http:\/\/www.sonigob.org\/home\/?page_id=538"},"modified":"2022-08-15T16:03:14","modified_gmt":"2022-08-15T22:03:14","slug":"diplomados","status":"publish","type":"page","link":"https:\/\/www.sonigob.org\/home\/diplomados\/","title":{"rendered":"Diplomados SONIGOB"},"content":{"rendered":"<div class=\"n2-section-smartslider fitvidsignore  n2_clear\" data-ssid=\"2\"><div id=\"n2-ss-2-align\" class=\"n2-ss-align\"><div class=\"n2-padding\"><div id=\"n2-ss-2\" data-creator=\"Smart Slider 3\" data-responsive=\"auto\" class=\"n2-ss-slider n2-ow n2-has-hover n2notransition  \"><div class=\"n2-ss-slider-wrapper-inside\">\n        <div class=\"n2-ss-slider-1 n2_ss__touch_element n2-ow\">\n            <div class=\"n2-ss-slider-2 n2-ow\">\n                                                <div class=\"n2-ss-slider-3 n2-ow\">\n\n                    <div class=\"n2-ss-slide-backgrounds n2-ow-all\"><div class=\"n2-ss-slide-background\" data-public-id=\"1\" data-mode=\"fill\"><div class=\"n2-ss-slide-background-image\" data-blur=\"0\" data-opacity=\"45\" data-x=\"58\" data-y=\"60\" data-alt=\"\" data-title=\"\" style=\"opacity:0.45;--ss-o-pos-x:58%;--ss-o-pos-y:60%\"><picture class=\"skip-lazy\" data-skip-lazy=\"1\"><img decoding=\"async\" src=\"\/\/www.sonigob.org\/home\/wp-content\/uploads\/2022\/06\/WhatsApp-Image-2022-05-24-at-5.13.45-PM.jpeg\" alt=\"\" title=\"\" loading=\"lazy\" class=\"skip-lazy\" data-skip-lazy=\"1\"><\/picture><\/div><div data-color=\"RGBA(36,47,155,1)\" style=\"background-color: RGBA(36,47,155,1);\" class=\"n2-ss-slide-background-color\"><\/div><\/div><div class=\"n2-ss-slide-background\" data-public-id=\"2\" data-mode=\"fill\" aria-hidden=\"true\"><div class=\"n2-ss-slide-background-image\" data-blur=\"0\" data-opacity=\"45\" data-x=\"58\" data-y=\"60\" data-alt=\"\" data-title=\"\" style=\"opacity:0.45;--ss-o-pos-x:58%;--ss-o-pos-y:60%\"><picture class=\"skip-lazy\" data-skip-lazy=\"1\"><img decoding=\"async\" src=\"\/\/www.sonigob.org\/home\/wp-content\/uploads\/2022\/06\/WhatsApp-Image-2022-05-24-at-5.09.45-PM.jpeg\" alt=\"\" title=\"\" loading=\"lazy\" class=\"skip-lazy\" data-skip-lazy=\"1\"><\/picture><\/div><div data-color=\"RGBA(36,47,155,1)\" style=\"background-color: RGBA(36,47,155,1);\" class=\"n2-ss-slide-background-color\"><\/div><\/div><div class=\"n2-ss-slide-background\" data-public-id=\"3\" data-mode=\"fill\" aria-hidden=\"true\"><div class=\"n2-ss-slide-background-image\" data-blur=\"0\" data-opacity=\"45\" data-x=\"58\" data-y=\"60\" data-alt=\"\" data-title=\"\" style=\"opacity:0.45;--ss-o-pos-x:58%;--ss-o-pos-y:60%\"><picture class=\"skip-lazy\" data-skip-lazy=\"1\"><img decoding=\"async\" src=\"\/\/www.sonigob.org\/home\/wp-content\/uploads\/2022\/08\/Principal.jpeg\" alt=\"\" title=\"\" loading=\"lazy\" class=\"skip-lazy\" data-skip-lazy=\"1\"><\/picture><\/div><div data-color=\"RGBA(36,47,155,1)\" style=\"background-color: RGBA(36,47,155,1);\" class=\"n2-ss-slide-background-color\"><\/div><\/div><\/div>                    <div class=\"n2-ss-slider-4 n2-ow\">\n                        <svg xmlns=\"http:\/\/www.w3.org\/2000\/svg\" viewBox=\"0 0 1200 600\" data-related-device=\"desktopPortrait\" class=\"n2-ow n2-ss-preserve-size n2-ss-preserve-size--slider n2-ss-slide-limiter\"><\/svg><div data-first=\"1\" data-slide-duration=\"0\" data-id=\"3\" data-slide-public-id=\"1\" data-title=\"Diplomado\" class=\"n2-ss-slide n2-ow  n2-ss-slide-3\"><div role=\"note\" class=\"n2-ss-slide--focus\" tabindex=\"-1\">Diplomado<\/div><div class=\"n2-ss-layers-container n2-ss-slide-limiter n2-ow\"><div class=\"n2-ss-layer n2-ow n-uc-3oOskl2lCX2R\" data-sstype=\"slide\" data-pm=\"default\"><div class=\"n2-ss-layer n2-ow n-uc-1b7eaac362b91\" data-pm=\"default\" data-sstype=\"content\" data-hasbackground=\"0\"><div class=\"n2-ss-section-main-content n2-ss-layer-with-background n2-ss-layer-content n2-ow n-uc-1b7eaac362b91-inner\"><div class=\"n2-ss-layer n2-ow n-uc-BWbDG1O3wFji\" data-pm=\"normal\" data-sstype=\"layer\"><div id=\"n2-ss-2item1\" class=\"n2-font-f8dd2b8eb6af087e2b9ce56234a02ac0-hover   n2-ss-item-content n2-ss-text n2-ow\" style=\"display:block;\">SEGUNDA EDICION <\/div><\/div><div class=\"n2-ss-layer n2-ow n-uc-fRwSYIShLQUy\" data-pm=\"normal\" data-sstype=\"layer\"><div id=\"n2-ss-2item2\" class=\"n2-font-56ea679c3f3af38959774621a4ee5c6e-hover   n2-ss-item-content n2-ss-text n2-ow\" style=\"display:block;\">DIPLOMADO EN COLPOSCOPIA<\/div><\/div><div class=\"n2-ss-layer n2-ow n-uc-eNH0i111fekA\" data-pm=\"normal\" data-sstype=\"layer\"><div id=\"n2-ss-2item3\" class=\"n2-font-3dbf05a44eac8ee0826e229213ed50b4-hover   n2-ss-item-content n2-ss-text n2-ow\" style=\"display:block;\">El diplomado tiene como objetivo capacitar a m\u00e9dicos ginec\u00f3logos y residentes en ginecolog\u00eda en el diagn\u00f3stico y tratamiento de las lesiones preinvasoras del cuello de \u00fatero y del TGI&#8230;<\/div><\/div><div class=\"n2-ss-layer n2-ow n-uc-rISCyu1c6yYT n2-ss-layer--auto\" data-pm=\"normal\" data-sstype=\"layer\"><div class=\"n2-ss-button-container n2-ss-item-content n2-ow n2-font-2d483b8a86595cd150d959cc980bf4c1-link  n2-ss-nowrap n2-ss-button-container--non-full-width\"><a class=\"n2-style-4c685027e0de34e13fbafdb1e6c7c6fe-heading  n2-ow \" href=\"\/home\/2dcolpo\/\"><div><div>Leer M\u00e1s<\/div><\/div><\/a><\/div><\/div><\/div><\/div><\/div><\/div><\/div><div data-slide-duration=\"0\" data-id=\"4\" data-slide-public-id=\"2\" aria-hidden=\"true\" data-title=\"2 Diplomado Ultra\" class=\"n2-ss-slide n2-ow  n2-ss-slide-4\"><div role=\"note\" class=\"n2-ss-slide--focus\" tabindex=\"-1\">2 Diplomado Ultra<\/div><div class=\"n2-ss-layers-container n2-ss-slide-limiter n2-ow\"><div class=\"n2-ss-layer n2-ow n-uc-3bkwarsaA7uY\" data-sstype=\"slide\" data-pm=\"default\"><div class=\"n2-ss-layer n2-ow n-uc-1f427f526ac1e\" data-pm=\"default\" data-sstype=\"content\" data-hasbackground=\"0\"><div class=\"n2-ss-section-main-content n2-ss-layer-with-background n2-ss-layer-content n2-ow n-uc-1f427f526ac1e-inner\"><div class=\"n2-ss-layer n2-ow n-uc-ZTgEVc0ifc8K\" data-pm=\"normal\" data-sstype=\"layer\"><div id=\"n2-ss-2item5\" class=\"n2-font-f8dd2b8eb6af087e2b9ce56234a02ac0-hover   n2-ss-item-content n2-ss-text n2-ow\" style=\"display:block;\">SEGUNDO EDICI\u00d3N<\/div><\/div><div class=\"n2-ss-layer n2-ow n-uc-rnjjE1V46G1W\" data-pm=\"normal\" data-sstype=\"layer\"><div id=\"n2-ss-2item6\" class=\"n2-font-56ea679c3f3af38959774621a4ee5c6e-hover   n2-ss-item-content n2-ss-text n2-ow\" style=\"display:block;\">DIPLOMADO EN ULTRADONIDO<\/div><\/div><div class=\"n2-ss-layer n2-ow n-uc-khm3itibwLMw\" data-pm=\"normal\" data-sstype=\"layer\"><div id=\"n2-ss-2item7\" class=\"  n2-ss-item-content n2-ss-text n2-ow\" style=\"display:block;\"><a class=\"n2-ow n2-font-3dbf05a44eac8ee0826e229213ed50b4-hover \" style=\"display:block;\" href=\"\/home\/2dultra\/\">Se busca formar integralmente a profesionistas que cuenten con conocimientos te\u00f3rico-pr\u00e1cticos para la realizaci\u00f3n, interpretaci\u00f3n e integraci\u00f3n de diagn\u00f3sticos mediante la ultrasonograf\u00eda.<\/a><\/div><\/div><div class=\"n2-ss-layer n2-ow n-uc-A120apnv3xa8 n2-ss-layer--auto\" data-pm=\"normal\" data-sstype=\"layer\"><div class=\"n2-ss-button-container n2-ss-item-content n2-ow n2-font-2d483b8a86595cd150d959cc980bf4c1-link  n2-ss-nowrap n2-ss-button-container--non-full-width\"><a class=\"n2-style-4c685027e0de34e13fbafdb1e6c7c6fe-heading  n2-ow \" href=\"\/home\/2dultra\/\"><div><div>Leer M\u00e1s<\/div><\/div><\/a><\/div><\/div><\/div><\/div><\/div><\/div><\/div><div data-slide-duration=\"0\" data-id=\"12\" data-slide-public-id=\"3\" aria-hidden=\"true\" data-title=\"2 Diplomado Ultra\" class=\"n2-ss-slide n2-ow  n2-ss-slide-12\"><div role=\"note\" class=\"n2-ss-slide--focus\" tabindex=\"-1\">2 Diplomado Ultra<\/div><div class=\"n2-ss-layers-container n2-ss-slide-limiter n2-ow\"><div class=\"n2-ss-layer n2-ow n-uc-CJBTvL3alil5\" data-sstype=\"slide\" data-pm=\"default\"><div class=\"n2-ss-layer n2-ow n-uc-RxIX7Kfhz17X\" data-pm=\"default\" data-sstype=\"content\" data-hasbackground=\"0\"><div class=\"n2-ss-section-main-content n2-ss-layer-with-background n2-ss-layer-content n2-ow n-uc-RxIX7Kfhz17X-inner\"><div class=\"n2-ss-layer n2-ow n-uc-SJKa9fO6pQGq\" data-pm=\"normal\" data-sstype=\"layer\"><div id=\"n2-ss-2item9\" class=\"n2-font-f8dd2b8eb6af087e2b9ce56234a02ac0-hover   n2-ss-item-content n2-ss-text n2-ow\" style=\"display:block;\">PRIMERA EDICI\u00d3N<\/div><\/div><div class=\"n2-ss-layer n2-ow n-uc-B1fINrwgwyBZ\" data-pm=\"normal\" data-sstype=\"layer\"><div id=\"n2-ss-2item10\" class=\"n2-font-56ea679c3f3af38959774621a4ee5c6e-hover   n2-ss-item-content n2-ss-text n2-ow\" style=\"display:block;\">DIPLOMADO EN <br>PISO P\u00c9LVICO<\/div><\/div><div class=\"n2-ss-layer n2-ow n-uc-5y0vEqYRsPAy\" data-pm=\"normal\" data-sstype=\"layer\"><div id=\"n2-ss-2item11\" class=\"  n2-ss-item-content n2-ss-text n2-ow\" style=\"display:block;\"><a class=\"n2-ow n2-font-3dbf05a44eac8ee0826e229213ed50b4-hover \" style=\"display:block;\" href=\"\/home\/2dultra\/\">Brindar los suficientes conocimientos y habilidades quir\u00fargicas, al desarrollar diversas t\u00e9cnicas correctivas de trastornos anat\u00f3micos y disfuncionales del Piso P\u00e9lvico, que sean capaces de mejorar la calidad de vida de la poblaci\u00f3n femenina, enfocado para m\u00e9dicos dedicados a la atenci\u00f3n Ginecol\u00f3gica&#8230;<\/a><\/div><\/div><div class=\"n2-ss-layer n2-ow n-uc-G2mLnNOTSsmg n2-ss-layer--auto\" data-pm=\"normal\" data-sstype=\"layer\"><div class=\"n2-ss-button-container n2-ss-item-content n2-ow n2-font-2d483b8a86595cd150d959cc980bf4c1-link  n2-ss-nowrap n2-ss-button-container--non-full-width\"><a class=\"n2-style-4c685027e0de34e13fbafdb1e6c7c6fe-heading  n2-ow \" href=\"\/home\/1erapv\/\"><div><div>Leer M\u00e1s<\/div><\/div><\/a><\/div><\/div><\/div><\/div><\/div><\/div><\/div>                    <\/div>\n\n                                    <\/div>\n            <\/div>\n        <\/div>\n        <div class=\"n2-ss-slider-controls n2-ss-slider-controls-absolute-left-center\"><div style=\"--widget-offset:15px;\" class=\"n2-ss-widget nextend-arrow n2-ow-all nextend-arrow-previous  nextend-arrow-animated-fade\" data-hide-mobileportrait=\"1\" id=\"n2-ss-2-arrow-previous\" role=\"button\" aria-label=\"previous arrow\" tabindex=\"0\"><img decoding=\"async\" width=\"32\" height=\"32\" class=\"skip-lazy\" data-skip-lazy=\"1\" src=\"data:image\/svg+xml;base64,PHN2ZyB3aWR0aD0iMzIiIGhlaWdodD0iMzIiIHZpZXdCb3g9IjAgMCAzMiAzMiIgeG1sbnM9Imh0dHA6Ly93d3cudzMub3JnLzIwMDAvc3ZnIj4KICAgIDxwYXRoIGQ9Ik0xMS40MzMgMTUuOTkyTDIyLjY5IDUuNzEyYy4zOTMtLjM5LjM5My0xLjAzIDAtMS40Mi0uMzkzLS4zOS0xLjAzLS4zOS0xLjQyMyAwbC0xMS45OCAxMC45NGMtLjIxLjIxLS4zLjQ5LS4yODUuNzYtLjAxNS4yOC4wNzUuNTYuMjg0Ljc3bDExLjk4IDEwLjk0Yy4zOTMuMzkgMS4wMy4zOSAxLjQyNCAwIC4zOTMtLjQuMzkzLTEuMDMgMC0xLjQybC0xMS4yNTctMTAuMjkiCiAgICAgICAgICBmaWxsPSIjZmZmZmZmIiBvcGFjaXR5PSIwLjgiIGZpbGwtcnVsZT0iZXZlbm9kZCIvPgo8L3N2Zz4=\" alt=\"previous arrow\"><\/div><\/div><div class=\"n2-ss-slider-controls n2-ss-slider-controls-absolute-right-center\"><div style=\"--widget-offset:15px;\" class=\"n2-ss-widget nextend-arrow n2-ow-all nextend-arrow-next  nextend-arrow-animated-fade\" data-hide-mobileportrait=\"1\" id=\"n2-ss-2-arrow-next\" role=\"button\" aria-label=\"next arrow\" tabindex=\"0\"><img decoding=\"async\" width=\"32\" height=\"32\" class=\"skip-lazy\" data-skip-lazy=\"1\" src=\"data:image\/svg+xml;base64,PHN2ZyB3aWR0aD0iMzIiIGhlaWdodD0iMzIiIHZpZXdCb3g9IjAgMCAzMiAzMiIgeG1sbnM9Imh0dHA6Ly93d3cudzMub3JnLzIwMDAvc3ZnIj4KICAgIDxwYXRoIGQ9Ik0xMC43MjIgNC4yOTNjLS4zOTQtLjM5LTEuMDMyLS4zOS0xLjQyNyAwLS4zOTMuMzktLjM5MyAxLjAzIDAgMS40MmwxMS4yODMgMTAuMjgtMTEuMjgzIDEwLjI5Yy0uMzkzLjM5LS4zOTMgMS4wMiAwIDEuNDIuMzk1LjM5IDEuMDMzLjM5IDEuNDI3IDBsMTIuMDA3LTEwLjk0Yy4yMS0uMjEuMy0uNDkuMjg0LS43Ny4wMTQtLjI3LS4wNzYtLjU1LS4yODYtLjc2TDEwLjcyIDQuMjkzeiIKICAgICAgICAgIGZpbGw9IiNmZmZmZmYiIG9wYWNpdHk9IjAuOCIgZmlsbC1ydWxlPSJldmVub2RkIi8+Cjwvc3ZnPg==\" alt=\"next arrow\"><\/div><\/div><\/div><\/div><ss3-loader><\/ss3-loader><\/div><\/div><div class=\"n2_clear\"><\/div><\/div>","protected":false},"excerpt":{"rendered":"","protected":false},"author":1,"featured_media":976,"parent":0,"menu_order":0,"comment_status":"closed","ping_status":"closed","template":"page-templates\/full-with-page.php","meta":{"footnotes":""},"class_list":["post-538","page","type-page","status-publish","has-post-thumbnail","hentry"],"_links":{"self":[{"href":"https:\/\/www.sonigob.org\/home\/wp-json\/wp\/v2\/pages\/538","targetHints":{"allow":["GET"]}}],"collection":[{"href":"https:\/\/www.sonigob.org\/home\/wp-json\/wp\/v2\/pages"}],"about":[{"href":"https:\/\/www.sonigob.org\/home\/wp-json\/wp\/v2\/types\/page"}],"author":[{"embeddable":true,"href":"https:\/\/www.sonigob.org\/home\/wp-json\/wp\/v2\/users\/1"}],"replies":[{"embeddable":true,"href":"https:\/\/www.sonigob.org\/home\/wp-json\/wp\/v2\/comments?post=538"}],"version-history":[{"count":25,"href":"https:\/\/www.sonigob.org\/home\/wp-json\/wp\/v2\/pages\/538\/revisions"}],"predecessor-version":[{"id":1155,"href":"https:\/\/www.sonigob.org\/home\/wp-json\/wp\/v2\/pages\/538\/revisions\/1155"}],"wp:featuredmedia":[{"embeddable":true,"href":"https:\/\/www.sonigob.org\/home\/wp-json\/wp\/v2\/media\/976"}],"wp:attachment":[{"href":"https:\/\/www.sonigob.org\/home\/wp-json\/wp\/v2\/media?parent=538"}],"curies":[{"name":"wp","href":"https:\/\/api.w.org\/{rel}","templated":true}]}}