{"id":52,"date":"2022-04-08T21:39:06","date_gmt":"2022-04-09T03:39:06","guid":{"rendered":"http:\/\/www.sonigob.org\/home\/?page_id=52"},"modified":"2022-05-24T08:10:36","modified_gmt":"2022-05-24T14:10:36","slug":"mvv","status":"publish","type":"page","link":"https:\/\/www.sonigob.org\/home\/mvv\/","title":{"rendered":"Misi\u00f3n | Visi\u00f3n"},"content":{"rendered":"\n<p style=\"font-size:27px\"><strong>Visi\u00f3n<\/strong><\/p>\n\n\n\n<p>La <strong>Sociedad Nicarag\u00fcense de Ginecolog\u00eda y Obstetricia<\/strong> siendo una Instituci\u00f3n moderna, l\u00edder en la elaboraci\u00f3n, evaluaci\u00f3n, implementaci\u00f3n y desarrollo de Pol\u00edticas, Proyectos, Planes y Programas de Promoci\u00f3n, Prevenci\u00f3n, Curaci\u00f3n y Rehabilitaci\u00f3n vinculadas a la salud de la mujer y la ni\u00f1ez. Representa los m\u00e1s altos ideales de los Gineco-Obstetras contribuyendo al desarrollo de sus miembros con elevado nivel t\u00e9cnico, investigativo, organizativo y \u00e9tico. Desarrolla alianzas que contribuyen a su sostenibilidad y a su impacto en el desarrollo arm\u00f3nico, econ\u00f3mico y social, en la soluci\u00f3n de los principales problemas de Salud Sexual y Reproductiva, en la problem\u00e1tica de salud asociada a las condiciones de pobreza y en la promoci\u00f3n con enfoque de g\u00e9nero de los Derechos Sexuales y Reproductivos de la poblaci\u00f3n nicarag\u00fcense.<\/p>\n\n\n\n<p style=\"font-size:27px\"><strong>Misi\u00f3n<\/strong><\/p>\n\n\n\n<p>Integrar y representar a las M\u00e9dicas y M\u00e9dicos Gineco-Obstetras desde el punto de vista gremial para el mejoramiento de sus condiciones de vida y elevar su nivel cient\u00edfico t\u00e9cnico su participaci\u00f3n en todos los aspectos relacionados con el desarrollo de la especialidad.<\/p>\n\n\n\n<p>Contribuir a mejorar las condiciones de Salud Sexual y Salud Reproductiva mediante la formaci\u00f3n de l\u00edderes en abogac\u00eda por los derechos Humanos, Sexuales y Reproductivos, participaci\u00f3n en el dise\u00f1o<br>y control de planes de educaci\u00f3n m\u00e9dica, desarrollando alianzas e implementando proyectos de intervenci\u00f3n e investigativos.<br><br>Contribuir al mejoramiento de la capacidad resolutiva de los servicios de salud y de las condiciones de vida de la poblaci\u00f3n nicarag\u00fcense. En la actualidad la <strong>Sociedad Nicarag\u00fcense de Ginecolog\u00eda y Obstetricia<\/strong> es una asociaci\u00f3n civil conformada por m\u00e9dicos Gineco-Obstetra. Es una sociedad con fines no lucrativo, de caracter cient\u00edfico,  cultural y social, con patrimonio propio y registrado conforme a la ley.<\/p>\n","protected":false},"excerpt":{"rendered":"<p>Visi\u00f3n La Sociedad Nicarag\u00fcense de Ginecolog\u00eda y Obstetricia siendo una Instituci\u00f3n moderna, l\u00edder en la elaboraci\u00f3n, evaluaci\u00f3n, implementaci\u00f3n y desarrollo<\/p>\n<p><a href=\"https:\/\/www.sonigob.org\/home\/mvv\/\" class=\"more-link\">Continua&#8230;<span class=\"screen-reader-text\">Misi\u00f3n | Visi\u00f3n<\/span><\/a><\/p>\n","protected":false},"author":1,"featured_media":0,"parent":0,"menu_order":0,"comment_status":"closed","ping_status":"closed","template":"","meta":{"footnotes":""},"class_list":["post-52","page","type-page","status-publish","hentry"],"_links":{"self":[{"href":"https:\/\/www.sonigob.org\/home\/wp-json\/wp\/v2\/pages\/52","targetHints":{"allow":["GET"]}}],"collection":[{"href":"https:\/\/www.sonigob.org\/home\/wp-json\/wp\/v2\/pages"}],"about":[{"href":"https:\/\/www.sonigob.org\/home\/wp-json\/wp\/v2\/types\/page"}],"author":[{"embeddable":true,"href":"https:\/\/www.sonigob.org\/home\/wp-json\/wp\/v2\/users\/1"}],"replies":[{"embeddable":true,"href":"https:\/\/www.sonigob.org\/home\/wp-json\/wp\/v2\/comments?post=52"}],"version-history":[{"count":5,"href":"https:\/\/www.sonigob.org\/home\/wp-json\/wp\/v2\/pages\/52\/revisions"}],"predecessor-version":[{"id":922,"href":"https:\/\/www.sonigob.org\/home\/wp-json\/wp\/v2\/pages\/52\/revisions\/922"}],"wp:attachment":[{"href":"https:\/\/www.sonigob.org\/home\/wp-json\/wp\/v2\/media?parent=52"}],"curies":[{"name":"wp","href":"https:\/\/api.w.org\/{rel}","templated":true}]}}