{"id":38,"date":"2022-04-08T21:05:19","date_gmt":"2022-04-08T21:05:19","guid":{"rendered":"http:\/\/www.sonigob.org\/home\/?page_id=38"},"modified":"2022-05-11T14:06:40","modified_gmt":"2022-05-11T20:06:40","slug":"historia","status":"publish","type":"page","link":"https:\/\/www.sonigob.org\/home\/historia\/","title":{"rendered":"Historia"},"content":{"rendered":"\n<div class=\"wp-block-image\"><figure class=\"aligncenter size-full is-resized\"><img decoding=\"async\" src=\"https:\/\/www.sonigob.org\/home\/wp-content\/uploads\/2022\/04\/cropped-logo_img1-1.png\" alt=\"\" class=\"wp-image-656\" width=\"155\" height=\"155\" srcset=\"https:\/\/www.sonigob.org\/home\/wp-content\/uploads\/2022\/04\/cropped-logo_img1-1.png 512w, https:\/\/www.sonigob.org\/home\/wp-content\/uploads\/2022\/04\/cropped-logo_img1-1-300x300.png 300w, https:\/\/www.sonigob.org\/home\/wp-content\/uploads\/2022\/04\/cropped-logo_img1-1-150x150.png 150w, https:\/\/www.sonigob.org\/home\/wp-content\/uploads\/2022\/04\/cropped-logo_img1-1-500x500.png 500w, https:\/\/www.sonigob.org\/home\/wp-content\/uploads\/2022\/04\/cropped-logo_img1-1-270x270.png 270w, https:\/\/www.sonigob.org\/home\/wp-content\/uploads\/2022\/04\/cropped-logo_img1-1-192x192.png 192w, https:\/\/www.sonigob.org\/home\/wp-content\/uploads\/2022\/04\/cropped-logo_img1-1-180x180.png 180w, https:\/\/www.sonigob.org\/home\/wp-content\/uploads\/2022\/04\/cropped-logo_img1-1-32x32.png 32w\" sizes=\"(max-width: 155px) 100vw, 155px\" \/><\/figure><\/div>\n\n\n\n<p class=\"has-text-align-left\">El 3 de Diciembre de 1952, se funda la <strong>Sociedad Nicarag\u00fcense de Ginecolo\u00eda y Obstetricia<\/strong>, aunque con pocos miembros, pero con gran entusiasmo, como instrumento para el desarrollo de la especialidad. Su primer Presidente fue el <strong>Doctor Jacinto Alfaro<\/strong> y Vicepresidente <strong>Doctor Fernando Robleto Gallo<\/strong>, hoy<br>desaparecidos.<\/p>\n\n\n\n<p>Hoy, despu\u00e9s de 70 a\u00f1os de fundada, sigue siendo una de las Sociedades Cient\u00edficas m\u00e1s activa del pais, habiendo sido la anfitriona del VI Congreso Centroamericano de la especialidad, en el a\u00f1o 1966, teniendo como invitados de honor a los Doctores: <strong>Alfonso \u00c1lvarez Bravo<\/strong> y <strong>Luis Noriega Guerra<\/strong> de M\u00e9xico, y <strong>Fernando Cardona<\/strong> de la Universidad de Medellin, Colombia. Han sido Presidentes de esta Sociedad, adem\u00e1s del citado <strong>Jacinto Alfaro<\/strong>, los Doctores <strong>Fernando Robleto Gallo<\/strong>, <strong>Alejo Espinoza L\u00f3pez<\/strong>, <strong>P\u00edo Ortega<\/strong>, <strong>Enrique Lacayo Farf\u00e1n<\/strong>, el cual fue electo cuando se encontraba guardando prisi\u00f3n pol\u00edtica, como un gesto de solidaridad de sus colegas, para quien luchaba por el derecho de ejercer las libertades c\u00edvicas.<\/p>\n\n\n\n<p>En su lugar actu\u00f3 como Presidente, el Vice-Presidente electo, <strong>Dr. Alejandro Sequeira Rivas<\/strong>, quien cubri\u00f3 todo el per\u00edodo, ya que la prisi\u00f3n del Doctor Lacayo duro m\u00e1s del a\u00f1o.<\/p>\n\n\n\n<p>Sucedi\u00e9ronse despu\u00e9s, <strong>Carlos Cuarezma<\/strong>, <strong>Alejandro P\u00e9rez Ar\u00e9valo<\/strong>, J<strong>oaqu\u00edn P\u00e9rez Mora<\/strong>, <strong>Jorge Urcuyo<\/strong>, <strong>Edmundo Mendieta<\/strong>, <strong>Constantino Mendieta<\/strong> <strong>Rodr\u00edguez<\/strong> e <strong>Iv\u00e1n Valdivia Pereira<\/strong>.<\/p>\n\n\n\n<p>Ninguna historia se escribe completa. Es probable que en este ensayo, no se encuentren todos los datos de inter\u00e9s hist\u00f3rico y que alg\u00fan nombre esclarecido se nos haya escapado por falta de informaci\u00f3n. A los lectores del extranjero, debemos se\u00f1alar que muchos factores han contribuido en nuestra tierra, para destrucci\u00f3n de los Archivos M\u00e9dicos, el terremoto del 29 de abril de 1898 que destruy\u00f3 el Hospital de Le\u00f3n, el 31 de Marzo de 1931 que destruy\u00f3 el de Managua, sin contar el incendio de Granada por los filibusteros de William Walker que estruyo la ciudad en 1856, son desastres que han acabado con nuestras principales fuentes hist\u00f3ricas, en el campo de la medicina<br>nacional.<\/p>\n","protected":false},"excerpt":{"rendered":"<p>El 3 de Diciembre de 1952, se funda la Sociedad Nicarag\u00fcense de Ginecolo\u00eda y Obstetricia, aunque con pocos miembros, pero<\/p>\n<p><a href=\"https:\/\/www.sonigob.org\/home\/historia\/\" class=\"more-link\">Continua&#8230;<span class=\"screen-reader-text\">Historia<\/span><\/a><\/p>\n","protected":false},"author":1,"featured_media":0,"parent":0,"menu_order":0,"comment_status":"closed","ping_status":"closed","template":"","meta":{"footnotes":""},"class_list":["post-38","page","type-page","status-publish","hentry"],"_links":{"self":[{"href":"https:\/\/www.sonigob.org\/home\/wp-json\/wp\/v2\/pages\/38","targetHints":{"allow":["GET"]}}],"collection":[{"href":"https:\/\/www.sonigob.org\/home\/wp-json\/wp\/v2\/pages"}],"about":[{"href":"https:\/\/www.sonigob.org\/home\/wp-json\/wp\/v2\/types\/page"}],"author":[{"embeddable":true,"href":"https:\/\/www.sonigob.org\/home\/wp-json\/wp\/v2\/users\/1"}],"replies":[{"embeddable":true,"href":"https:\/\/www.sonigob.org\/home\/wp-json\/wp\/v2\/comments?post=38"}],"version-history":[{"count":9,"href":"https:\/\/www.sonigob.org\/home\/wp-json\/wp\/v2\/pages\/38\/revisions"}],"predecessor-version":[{"id":695,"href":"https:\/\/www.sonigob.org\/home\/wp-json\/wp\/v2\/pages\/38\/revisions\/695"}],"wp:attachment":[{"href":"https:\/\/www.sonigob.org\/home\/wp-json\/wp\/v2\/media?parent=38"}],"curies":[{"name":"wp","href":"https:\/\/api.w.org\/{rel}","templated":true}]}}