{"id":33,"date":"2022-04-08T21:02:37","date_gmt":"2022-04-09T03:02:37","guid":{"rendered":"http:\/\/www.sonigob.org\/home\/?page_id=33"},"modified":"2022-05-11T17:02:17","modified_gmt":"2022-05-11T23:02:17","slug":"acerca-de-sonigob","status":"publish","type":"page","link":"https:\/\/www.sonigob.org\/home\/acerca-de-sonigob\/","title":{"rendered":"Acerca de SONIGOB"},"content":{"rendered":"\n<div class=\"wp-block-image\"><figure class=\"aligncenter size-full\"><img decoding=\"async\" width=\"115\" height=\"115\" src=\"http:\/\/www.sonigob.org\/home\/wp-content\/uploads\/2022\/04\/cropped-logo_img3.png\" alt=\"\" class=\"wp-image-143\"\/><\/figure><\/div>\n\n\n\n<p>La <strong><mark style=\"background-color:rgba(0, 0, 0, 0)\" class=\"has-inline-color has-black-color\">Sociedad Nicarag\u00fcense de Ginecolog\u00eda y Obstetricia<\/mark><\/strong> est\u00e1 conformada por m\u00e1s de 300 miembros distribuidos en todo el territorio nacional y que a la vez laboran en las diferentes instituciones de salud del pa\u00eds. Nosotros como sociedad somos en principio apol\u00edticos, agrupamos a todos los m\u00e9dicos nicarag\u00fcenses dedicados a la G\u00edneco-Obstetricia interesados en formar parte de esta, sin diferencias pol\u00edticas, ideol\u00f3gicas o religiosas y vemos como iguales a todos nuestros miembros. El com\u00fan denominador que rige nuestra acci\u00f3n es el respetar el principio de procurar el bien de nuestras pacientes a como lo expresa el juramento hipocr\u00e1tico, que es la base del ejercicio de la medicina.<\/p>\n\n\n\n<p><\/p>\n\n\n\n<p class=\"has-text-align-right\">Managua, Nicaragua &#8211; 2022<\/p>\n","protected":false},"excerpt":{"rendered":"<p>La Sociedad Nicarag\u00fcense de Ginecolog\u00eda y Obstetricia est\u00e1 conformada por m\u00e1s de 300 miembros distribuidos en todo el territorio nacional<\/p>\n<p><a href=\"https:\/\/www.sonigob.org\/home\/acerca-de-sonigob\/\" class=\"more-link\">Continua&#8230;<span class=\"screen-reader-text\">Acerca de SONIGOB<\/span><\/a><\/p>\n","protected":false},"author":1,"featured_media":0,"parent":0,"menu_order":0,"comment_status":"closed","ping_status":"closed","template":"","meta":{"footnotes":""},"class_list":["post-33","page","type-page","status-publish","hentry"],"_links":{"self":[{"href":"https:\/\/www.sonigob.org\/home\/wp-json\/wp\/v2\/pages\/33","targetHints":{"allow":["GET"]}}],"collection":[{"href":"https:\/\/www.sonigob.org\/home\/wp-json\/wp\/v2\/pages"}],"about":[{"href":"https:\/\/www.sonigob.org\/home\/wp-json\/wp\/v2\/types\/page"}],"author":[{"embeddable":true,"href":"https:\/\/www.sonigob.org\/home\/wp-json\/wp\/v2\/users\/1"}],"replies":[{"embeddable":true,"href":"https:\/\/www.sonigob.org\/home\/wp-json\/wp\/v2\/comments?post=33"}],"version-history":[{"count":14,"href":"https:\/\/www.sonigob.org\/home\/wp-json\/wp\/v2\/pages\/33\/revisions"}],"predecessor-version":[{"id":700,"href":"https:\/\/www.sonigob.org\/home\/wp-json\/wp\/v2\/pages\/33\/revisions\/700"}],"wp:attachment":[{"href":"https:\/\/www.sonigob.org\/home\/wp-json\/wp\/v2\/media?parent=33"}],"curies":[{"name":"wp","href":"https:\/\/api.w.org\/{rel}","templated":true}]}}