{"id":1668,"date":"2022-12-02T18:31:11","date_gmt":"2022-12-03T00:31:11","guid":{"rendered":"https:\/\/www.sonigob.org\/home\/?page_id=1668"},"modified":"2023-01-30T13:56:16","modified_gmt":"2023-01-30T19:56:16","slug":"precongreso-cirugia-ginecologia-de-minima-invasion","status":"publish","type":"page","link":"https:\/\/www.sonigob.org\/home\/fecasog23\/precongreso-2\/precongreso-cirugia-ginecologia-de-minima-invasion\/","title":{"rendered":"PRECONGRESO: CIRUG\u00cdA GINECOLOG\u00cdA DE M\u00cdNIMA INVASI\u00d3N"},"content":{"rendered":"\n<p class=\"has-text-align-center\"><strong><a href=\"https:\/\/www.sonigob.org\/home\/wp-content\/uploads\/2022\/12\/pre-histe.pdf\" target=\"_blank\" rel=\"noreferrer noopener\">Ver en pantalla completa <\/a><\/strong><\/p>\n\n\n<div class=\"wp-block-image\">\n<figure class=\"aligncenter size-large\"><img decoding=\"async\" width=\"691\" height=\"1024\" src=\"https:\/\/www.sonigob.org\/home\/wp-content\/uploads\/2023\/01\/pre-histe-3-691x1024.jpg\" alt=\"\" class=\"wp-image-1857\" srcset=\"https:\/\/www.sonigob.org\/home\/wp-content\/uploads\/2023\/01\/pre-histe-3-691x1024.jpg 691w, https:\/\/www.sonigob.org\/home\/wp-content\/uploads\/2023\/01\/pre-histe-3-202x300.jpg 202w, https:\/\/www.sonigob.org\/home\/wp-content\/uploads\/2023\/01\/pre-histe-3-768x1139.jpg 768w, https:\/\/www.sonigob.org\/home\/wp-content\/uploads\/2023\/01\/pre-histe-3-1036x1536.jpg 1036w, https:\/\/www.sonigob.org\/home\/wp-content\/uploads\/2023\/01\/pre-histe-3.jpg 1200w\" sizes=\"(max-width: 691px) 100vw, 691px\" \/><\/figure>\n<\/div>\n\n\n<p class=\"has-text-align-center\"><strong><a rel=\"noreferrer noopener\" href=\"https:\/\/congresosplus.com\/fecasog2023\/\" target=\"_blank\">Inscr\u00edbete al Precongreso<\/a><\/strong> | <strong><a href=\"https:\/\/www.sonigob.org\/home\/fecasog23\/precongreso-2\/\">Regresar a todos los precongresos<\/a><\/strong><\/p>\n","protected":false},"excerpt":{"rendered":"<p>Ver en pantalla completa Inscr\u00edbete al Precongreso | Regresar a todos los precongresos<\/p>\n","protected":false},"author":2,"featured_media":0,"parent":1624,"menu_order":0,"comment_status":"closed","ping_status":"closed","template":"","meta":{"footnotes":""},"class_list":["post-1668","page","type-page","status-publish","hentry"],"_links":{"self":[{"href":"https:\/\/www.sonigob.org\/home\/wp-json\/wp\/v2\/pages\/1668","targetHints":{"allow":["GET"]}}],"collection":[{"href":"https:\/\/www.sonigob.org\/home\/wp-json\/wp\/v2\/pages"}],"about":[{"href":"https:\/\/www.sonigob.org\/home\/wp-json\/wp\/v2\/types\/page"}],"author":[{"embeddable":true,"href":"https:\/\/www.sonigob.org\/home\/wp-json\/wp\/v2\/users\/2"}],"replies":[{"embeddable":true,"href":"https:\/\/www.sonigob.org\/home\/wp-json\/wp\/v2\/comments?post=1668"}],"version-history":[{"count":2,"href":"https:\/\/www.sonigob.org\/home\/wp-json\/wp\/v2\/pages\/1668\/revisions"}],"predecessor-version":[{"id":1859,"href":"https:\/\/www.sonigob.org\/home\/wp-json\/wp\/v2\/pages\/1668\/revisions\/1859"}],"up":[{"embeddable":true,"href":"https:\/\/www.sonigob.org\/home\/wp-json\/wp\/v2\/pages\/1624"}],"wp:attachment":[{"href":"https:\/\/www.sonigob.org\/home\/wp-json\/wp\/v2\/media?parent=1668"}],"curies":[{"name":"wp","href":"https:\/\/api.w.org\/{rel}","templated":true}]}}