{"id":1594,"date":"2022-12-02T16:12:11","date_gmt":"2022-12-02T22:12:11","guid":{"rendered":"https:\/\/www.sonigob.org\/home\/?page_id=1594"},"modified":"2023-01-05T09:56:08","modified_gmt":"2023-01-05T15:56:08","slug":"hotel-sede-crowne-plaza-nicaragua","status":"publish","type":"page","link":"https:\/\/www.sonigob.org\/home\/fecasog23\/hotel-sede-crowne-plaza-nicaragua\/","title":{"rendered":"Hotel sede: Crowne Plaza Nicaragua"},"content":{"rendered":"<div class=\"wp-block-image\">\n<figure class=\"aligncenter size-large\"><img decoding=\"async\" width=\"1024\" height=\"461\" src=\"https:\/\/www.sonigob.org\/home\/wp-content\/uploads\/2022\/12\/sliderhotelsede-1024x461.jpg\" alt=\"\" class=\"wp-image-1589\" srcset=\"https:\/\/www.sonigob.org\/home\/wp-content\/uploads\/2022\/12\/sliderhotelsede-1024x461.jpg 1024w, https:\/\/www.sonigob.org\/home\/wp-content\/uploads\/2022\/12\/sliderhotelsede-300x135.jpg 300w, https:\/\/www.sonigob.org\/home\/wp-content\/uploads\/2022\/12\/sliderhotelsede-768x345.jpg 768w, https:\/\/www.sonigob.org\/home\/wp-content\/uploads\/2022\/12\/sliderhotelsede.jpg 1343w\" sizes=\"(max-width: 1024px) 100vw, 1024px\" \/><\/figure>\n<\/div>\n\n\n<p>En Crowne Plaza Managua, gozar\u00e1s de una ubicaci\u00f3n c\u00e9ntrica en Managua, a solo 3 minutos a pie de Plaza Inter y a 7 minutos a pie de Parque Nacional Hist\u00f3rico Loma de Tiscapa. Este hotel de 4 estrellas se encuentra a 0,4 km de la Laguna de Tiscapa ya 0,6 km del Monumento a Sandino. <\/p>\n\n\n\n<p>Si\u00e9ntase como en casa en una de las 140 habitaciones con minibar y televisor de pantalla plana. El acceso inal\u00e1mbrico a Internet de cortes\u00eda lo mantiene conectado y la programaci\u00f3n digital est\u00e1 disponible para su entretenimiento. El ba\u00f1o privado con ducha est\u00e1 equipado de art\u00edculos de higiene personal gratuitos y secador de pelo. Las comodidades incluyen tel\u00e9fono, as\u00ed como caja fuerte y escritorio. Rel\u00e1jese y descanse con masajes, tratamientos corporales y faciales. <\/p>\n\n\n\n<p>Si busca oportunidades recreativas, encontrar\u00e1 una piscina al aire libre y un gimnasio abierto las 24 horas. Entre los servicios adicionales de este hotel se incluyen acceso inal\u00e1mbrico a Internet de cortes\u00eda, servicios de conserjer\u00eda y servicio de ni\u00f1era (de pago). <\/p>\n\n\n\n<p>Disfrute de una comida en el restaurante o qu\u00e9dese y aproveche el servicio de habitaciones del hotel las 24 horas. Los desayunos preparados a pedido est\u00e1n disponibles todos los d\u00edas de 6:00 a. m. a 10:00 a. m. por una tarifa. Entre los servicios destacados se incluyen un centro de negocios, check-out expr\u00e9s y servicio de tintorer\u00eda o lavander\u00eda. <\/p>\n\n\n\n<p>Contacto: Flor Zapata<br>Tel\u00e9fono: +505 8720-5139<br>Correo: flor.zapata@ihg.com<\/p>\n\n\n\n<h2 class=\"wp-block-heading\">Video conoce el hotel sede<\/h2>\n\n\n<div class=\"myIframe\"><iframe src=\"https:\/\/player.vimeo.com\/video\/783084248?h=3fc74d969a&amp;badge=0&amp;autopause=0&amp;player_id=0&amp;app_id=58479\" width=\"1280\" height=\"720\" frameborder=\"0\" allow=\"autoplay; fullscreen; picture-in-picture\" allowfullscreen=\"\" title=\"Conoce el hotel sede del FECASOG 2023\"><\/iframe><\/div>\n\n\n<h2 class=\"wp-block-heading\">Galer\u00eda de Fotos<\/h2>\n\n\n\n<figure class=\"wp-block-gallery has-nested-images columns-default is-cropped wp-block-gallery-1 is-layout-flex wp-block-gallery-is-layout-flex\">\n<figure class=\"wp-block-image size-large\"><a href=\"https:\/\/www.sonigob.org\/home\/wp-content\/uploads\/2022\/12\/h1.jpg\"><img decoding=\"async\" width=\"940\" height=\"627\" data-id=\"1597\" src=\"https:\/\/www.sonigob.org\/home\/wp-content\/uploads\/2022\/12\/h1.jpg\" alt=\"\" class=\"wp-image-1597\" srcset=\"https:\/\/www.sonigob.org\/home\/wp-content\/uploads\/2022\/12\/h1.jpg 940w, https:\/\/www.sonigob.org\/home\/wp-content\/uploads\/2022\/12\/h1-300x200.jpg 300w, https:\/\/www.sonigob.org\/home\/wp-content\/uploads\/2022\/12\/h1-768x512.jpg 768w\" sizes=\"(max-width: 940px) 100vw, 940px\" \/><\/a><\/figure>\n\n\n\n<figure class=\"wp-block-image size-large\"><a href=\"https:\/\/www.sonigob.org\/home\/wp-content\/uploads\/2022\/12\/h2.jpg\"><img decoding=\"async\" width=\"940\" height=\"627\" data-id=\"1596\" src=\"https:\/\/www.sonigob.org\/home\/wp-content\/uploads\/2022\/12\/h2.jpg\" alt=\"\" class=\"wp-image-1596\" srcset=\"https:\/\/www.sonigob.org\/home\/wp-content\/uploads\/2022\/12\/h2.jpg 940w, https:\/\/www.sonigob.org\/home\/wp-content\/uploads\/2022\/12\/h2-300x200.jpg 300w, https:\/\/www.sonigob.org\/home\/wp-content\/uploads\/2022\/12\/h2-768x512.jpg 768w\" sizes=\"(max-width: 940px) 100vw, 940px\" \/><\/a><\/figure>\n\n\n\n<figure class=\"wp-block-image size-large\"><a href=\"https:\/\/www.sonigob.org\/home\/wp-content\/uploads\/2022\/12\/h3.jpg\"><img decoding=\"async\" width=\"940\" height=\"627\" data-id=\"1601\" src=\"https:\/\/www.sonigob.org\/home\/wp-content\/uploads\/2022\/12\/h3.jpg\" alt=\"\" class=\"wp-image-1601\" srcset=\"https:\/\/www.sonigob.org\/home\/wp-content\/uploads\/2022\/12\/h3.jpg 940w, https:\/\/www.sonigob.org\/home\/wp-content\/uploads\/2022\/12\/h3-300x200.jpg 300w, https:\/\/www.sonigob.org\/home\/wp-content\/uploads\/2022\/12\/h3-768x512.jpg 768w\" sizes=\"(max-width: 940px) 100vw, 940px\" \/><\/a><\/figure>\n\n\n\n<figure class=\"wp-block-image size-large\"><a href=\"https:\/\/www.sonigob.org\/home\/wp-content\/uploads\/2022\/12\/h4.jpg\"><img decoding=\"async\" width=\"940\" height=\"627\" data-id=\"1603\" src=\"https:\/\/www.sonigob.org\/home\/wp-content\/uploads\/2022\/12\/h4.jpg\" alt=\"\" class=\"wp-image-1603\" srcset=\"https:\/\/www.sonigob.org\/home\/wp-content\/uploads\/2022\/12\/h4.jpg 940w, https:\/\/www.sonigob.org\/home\/wp-content\/uploads\/2022\/12\/h4-300x200.jpg 300w, https:\/\/www.sonigob.org\/home\/wp-content\/uploads\/2022\/12\/h4-768x512.jpg 768w\" sizes=\"(max-width: 940px) 100vw, 940px\" \/><\/a><\/figure>\n\n\n\n<figure class=\"wp-block-image size-large\"><a href=\"https:\/\/www.sonigob.org\/home\/wp-content\/uploads\/2022\/12\/h5.jpg\"><img decoding=\"async\" width=\"940\" height=\"627\" data-id=\"1604\" src=\"https:\/\/www.sonigob.org\/home\/wp-content\/uploads\/2022\/12\/h5.jpg\" alt=\"\" class=\"wp-image-1604\" srcset=\"https:\/\/www.sonigob.org\/home\/wp-content\/uploads\/2022\/12\/h5.jpg 940w, https:\/\/www.sonigob.org\/home\/wp-content\/uploads\/2022\/12\/h5-300x200.jpg 300w, https:\/\/www.sonigob.org\/home\/wp-content\/uploads\/2022\/12\/h5-768x512.jpg 768w\" sizes=\"(max-width: 940px) 100vw, 940px\" \/><\/a><\/figure>\n\n\n\n<figure class=\"wp-block-image size-large\"><a href=\"https:\/\/www.sonigob.org\/home\/wp-content\/uploads\/2022\/12\/h6.jpg\"><img decoding=\"async\" width=\"940\" height=\"627\" data-id=\"1599\" src=\"https:\/\/www.sonigob.org\/home\/wp-content\/uploads\/2022\/12\/h6.jpg\" alt=\"\" class=\"wp-image-1599\" srcset=\"https:\/\/www.sonigob.org\/home\/wp-content\/uploads\/2022\/12\/h6.jpg 940w, https:\/\/www.sonigob.org\/home\/wp-content\/uploads\/2022\/12\/h6-300x200.jpg 300w, https:\/\/www.sonigob.org\/home\/wp-content\/uploads\/2022\/12\/h6-768x512.jpg 768w\" sizes=\"(max-width: 940px) 100vw, 940px\" \/><\/a><\/figure>\n\n\n\n<figure class=\"wp-block-image size-large\"><a href=\"https:\/\/www.sonigob.org\/home\/wp-content\/uploads\/2022\/12\/h7.jpg\"><img decoding=\"async\" width=\"940\" height=\"625\" data-id=\"1605\" src=\"https:\/\/www.sonigob.org\/home\/wp-content\/uploads\/2022\/12\/h7.jpg\" alt=\"\" class=\"wp-image-1605\" srcset=\"https:\/\/www.sonigob.org\/home\/wp-content\/uploads\/2022\/12\/h7.jpg 940w, https:\/\/www.sonigob.org\/home\/wp-content\/uploads\/2022\/12\/h7-300x199.jpg 300w, https:\/\/www.sonigob.org\/home\/wp-content\/uploads\/2022\/12\/h7-768x511.jpg 768w\" sizes=\"(max-width: 940px) 100vw, 940px\" \/><\/a><\/figure>\n\n\n\n<figure class=\"wp-block-image size-large\"><a href=\"https:\/\/www.sonigob.org\/home\/wp-content\/uploads\/2022\/12\/h8.jpg\"><img decoding=\"async\" width=\"940\" height=\"627\" data-id=\"1595\" src=\"https:\/\/www.sonigob.org\/home\/wp-content\/uploads\/2022\/12\/h8.jpg\" alt=\"\" class=\"wp-image-1595\" srcset=\"https:\/\/www.sonigob.org\/home\/wp-content\/uploads\/2022\/12\/h8.jpg 940w, https:\/\/www.sonigob.org\/home\/wp-content\/uploads\/2022\/12\/h8-300x200.jpg 300w, https:\/\/www.sonigob.org\/home\/wp-content\/uploads\/2022\/12\/h8-768x512.jpg 768w\" sizes=\"(max-width: 940px) 100vw, 940px\" \/><\/a><\/figure>\n\n\n\n<figure class=\"wp-block-image size-large\"><a href=\"https:\/\/www.sonigob.org\/home\/wp-content\/uploads\/2022\/12\/h9.jpg\"><img decoding=\"async\" width=\"940\" height=\"627\" data-id=\"1600\" src=\"https:\/\/www.sonigob.org\/home\/wp-content\/uploads\/2022\/12\/h9.jpg\" alt=\"\" class=\"wp-image-1600\" srcset=\"https:\/\/www.sonigob.org\/home\/wp-content\/uploads\/2022\/12\/h9.jpg 940w, https:\/\/www.sonigob.org\/home\/wp-content\/uploads\/2022\/12\/h9-300x200.jpg 300w, https:\/\/www.sonigob.org\/home\/wp-content\/uploads\/2022\/12\/h9-768x512.jpg 768w\" sizes=\"(max-width: 940px) 100vw, 940px\" \/><\/a><\/figure>\n\n\n\n<figure class=\"wp-block-image size-large\"><a href=\"https:\/\/www.sonigob.org\/home\/wp-content\/uploads\/2022\/12\/h10.jpg\"><img decoding=\"async\" width=\"940\" height=\"627\" data-id=\"1598\" src=\"https:\/\/www.sonigob.org\/home\/wp-content\/uploads\/2022\/12\/h10.jpg\" alt=\"\" class=\"wp-image-1598\" srcset=\"https:\/\/www.sonigob.org\/home\/wp-content\/uploads\/2022\/12\/h10.jpg 940w, https:\/\/www.sonigob.org\/home\/wp-content\/uploads\/2022\/12\/h10-300x200.jpg 300w, https:\/\/www.sonigob.org\/home\/wp-content\/uploads\/2022\/12\/h10-768x512.jpg 768w\" sizes=\"(max-width: 940px) 100vw, 940px\" \/><\/a><\/figure>\n\n\n\n<figure class=\"wp-block-image size-large\"><a href=\"https:\/\/www.sonigob.org\/home\/wp-content\/uploads\/2022\/12\/h11.jpg\"><img decoding=\"async\" width=\"940\" height=\"627\" data-id=\"1606\" src=\"https:\/\/www.sonigob.org\/home\/wp-content\/uploads\/2022\/12\/h11.jpg\" alt=\"\" class=\"wp-image-1606\" srcset=\"https:\/\/www.sonigob.org\/home\/wp-content\/uploads\/2022\/12\/h11.jpg 940w, https:\/\/www.sonigob.org\/home\/wp-content\/uploads\/2022\/12\/h11-300x200.jpg 300w, https:\/\/www.sonigob.org\/home\/wp-content\/uploads\/2022\/12\/h11-768x512.jpg 768w\" sizes=\"(max-width: 940px) 100vw, 940px\" \/><\/a><\/figure>\n\n\n\n<figure class=\"wp-block-image size-large\"><a href=\"https:\/\/www.sonigob.org\/home\/wp-content\/uploads\/2022\/12\/h12.jpg\"><img decoding=\"async\" width=\"940\" height=\"627\" data-id=\"1602\" src=\"https:\/\/www.sonigob.org\/home\/wp-content\/uploads\/2022\/12\/h12.jpg\" alt=\"\" class=\"wp-image-1602\" srcset=\"https:\/\/www.sonigob.org\/home\/wp-content\/uploads\/2022\/12\/h12.jpg 940w, https:\/\/www.sonigob.org\/home\/wp-content\/uploads\/2022\/12\/h12-300x200.jpg 300w, https:\/\/www.sonigob.org\/home\/wp-content\/uploads\/2022\/12\/h12-768x512.jpg 768w\" sizes=\"(max-width: 940px) 100vw, 940px\" \/><\/a><\/figure>\n<\/figure>\n","protected":false},"excerpt":{"rendered":"<p>En Crowne Plaza Managua, gozar\u00e1s de una ubicaci\u00f3n c\u00e9ntrica en Managua, a solo 3 minutos a pie de Plaza Inter<\/p>\n<p><a href=\"https:\/\/www.sonigob.org\/home\/fecasog23\/hotel-sede-crowne-plaza-nicaragua\/\" class=\"more-link\">Continua&#8230;<span class=\"screen-reader-text\">Hotel sede: Crowne Plaza Nicaragua<\/span><\/a><\/p>\n","protected":false},"author":2,"featured_media":0,"parent":602,"menu_order":0,"comment_status":"closed","ping_status":"closed","template":"","meta":{"footnotes":""},"class_list":["post-1594","page","type-page","status-publish","hentry"],"_links":{"self":[{"href":"https:\/\/www.sonigob.org\/home\/wp-json\/wp\/v2\/pages\/1594","targetHints":{"allow":["GET"]}}],"collection":[{"href":"https:\/\/www.sonigob.org\/home\/wp-json\/wp\/v2\/pages"}],"about":[{"href":"https:\/\/www.sonigob.org\/home\/wp-json\/wp\/v2\/types\/page"}],"author":[{"embeddable":true,"href":"https:\/\/www.sonigob.org\/home\/wp-json\/wp\/v2\/users\/2"}],"replies":[{"embeddable":true,"href":"https:\/\/www.sonigob.org\/home\/wp-json\/wp\/v2\/comments?post=1594"}],"version-history":[{"count":4,"href":"https:\/\/www.sonigob.org\/home\/wp-json\/wp\/v2\/pages\/1594\/revisions"}],"predecessor-version":[{"id":1813,"href":"https:\/\/www.sonigob.org\/home\/wp-json\/wp\/v2\/pages\/1594\/revisions\/1813"}],"up":[{"embeddable":true,"href":"https:\/\/www.sonigob.org\/home\/wp-json\/wp\/v2\/pages\/602"}],"wp:attachment":[{"href":"https:\/\/www.sonigob.org\/home\/wp-json\/wp\/v2\/media?parent=1594"}],"curies":[{"name":"wp","href":"https:\/\/api.w.org\/{rel}","templated":true}]}}