{"id":1567,"date":"2022-11-30T08:52:06","date_gmt":"2022-11-30T14:52:06","guid":{"rendered":"https:\/\/www.sonigob.org\/home\/?page_id=1567"},"modified":"2023-01-14T18:30:03","modified_gmt":"2023-01-15T00:30:03","slug":"reglas-para-los-trabajos-libres-de-investigacion","status":"publish","type":"page","link":"https:\/\/www.sonigob.org\/home\/fecasog23\/reglas-para-los-trabajos-libres-de-investigacion\/","title":{"rendered":"Reglas para los trabajos libres de investigaci\u00f3n"},"content":{"rendered":"\n<p>El Comit\u00e9 Organizador de XXXIII Congreso Centroamericano FECASOG 2023, tiene el gusto de invitarle a participar en la convocatoria para la difusi\u00f3n en el \u00e1rea investigativa en ginecoobstetricia y \u00e1reas afines en las siguientes modalidades:<\/p>\n\n\n\n<ol class=\"wp-block-list\"><li><strong>Trabajos Libres de Investigaci\u00f3n<\/strong><\/li><li><strong>Cartel<\/strong><\/li><li><strong>Material Audiovisual: Spot Publicitario<\/strong><\/li><\/ol>\n\n\n\n<h2 class=\"wp-block-heading\">Proceso de Inscripci\u00f3n<\/h2>\n\n\n\n<p>-La presentaci\u00f3n de las diferentes modalidades se realizar\u00e1 de 27 de Febrero al 3 de Marzo (trabajos libres de investigaci\u00f3n se presentar\u00e1n el 27 de Febrero, Cartel y material audiovisual ser\u00e1n del 28 de al 3 Marzo) dentro de las actividades acad\u00e9micas del XXXIII Congreso Centroamericano FECASOG 2023.<\/p>\n\n\n\n<p>-Los trabajos pueden inscribirse a partir del d\u00eda 01 de octubre del 2022  con l\u00edmite al viernes 13 de enero 2023  a trav\u00e9s de nuestra p\u00e1gina https:\/\/www.sonigob.org\/home\/fecasog23\/formulario-trabajos-libres\/ en donde deber\u00e1 llenarse el formato correspondiente.<\/p>\n\n\n\n<p>-El tema de investigaci\u00f3n deber\u00e1 de tener relaci\u00f3n directa con la Ginecoobstetricia y \u00e1reas afines<\/p>\n\n\n\n<p><strong>Ginecolog\u00eda -Obstetricia<\/strong><\/p>\n\n\n\n<ul class=\"wp-block-list\"><li>Biolog\u00eda de la Reproducci\u00f3n<\/li><li>Medicina Materno-Fetal<\/li><li>Oncolog\u00eda Ginecol\u00f3gica<\/li><li>Urolog\u00eda Ginecol\u00f3gica.<\/li><li>Climaterio y Menopausia<\/li><li>Adolescente<\/li><li>Laparoscop\u00eda Ginecol\u00f3gica<\/li><\/ul>\n\n\n\n<p><strong>\u00c1reas Afines:<\/strong><\/p>\n\n\n\n<ul class=\"wp-block-list\"><li>Medicina Interna<\/li><li>Cuidados Intensivos<\/li><li>Reumatolog\u00eda<\/li><li>Infectolog\u00eda<\/li><li>Endocrinolog\u00eda<\/li><li>Neurolog\u00eda<\/li><\/ul>\n\n\n\n<p>-El material deber\u00e1 de ser original y no haberse publicado previamente<\/p>\n\n\n\n<p>-Se realizar\u00e1 concurso en las diferentes \u00e1reas, con premiaci\u00f3n en la clausura del congreso a los primeros tres lugares de cada una de las modalidades.<\/p>\n\n\n\n<p>-De todos los trabajos enviados se seleccionaron los de m\u00e1s alta calidad cient\u00edfica que ser\u00e1n presentados en sala de pre congreso el d\u00eda lunes 27 Febrero de 8 am a 3.<\/p>\n\n\n\n<p>-En cualquiera de las tres modalidades pueden participar Residentes en Ginecolog\u00eda y Obstetricia, M\u00e9dicos Especialistas en Ginecolog\u00eda y Obstetricia y M\u00e9dicos Sub especialistas en cualquiera de las \u00e1reas.<\/p>\n\n\n\n<h2 class=\"wp-block-heading\">1. Trabajos Libres (presentaci\u00f3n oral):<\/h2>\n\n\n\n<p>Los trabajos deber\u00e1n enviarse en archivo PDF, letra Arial 12 y contar con los siguientes apartados:<\/p>\n\n\n\n<ul class=\"wp-block-list\"><li>T\u00edtulo<\/li><li>1 autor y m\u00e1ximo 4 coautores<\/li><li>Autores (procedencia, declaraci\u00f3n de no conflicto de inter\u00e9s).<\/li><li>Resumen estructurado (250 palabras).<\/li><li>Antecedentes<\/li><li>Material y M\u00e9todos (deber\u00e1 de incluir la autorizaci\u00f3n del comit\u00e9 de investigaci\u00f3n correspondiente).<\/li><li>Resultados.<\/li><li>Discusi\u00f3n.<\/li><li>Conclusiones.<\/li><li>Referencias.<\/li><li>Figuras, tablas, anexos<\/li><\/ul>\n\n\n\n<p>Los autores de los trabajos libres seleccionados para presentaci\u00f3n oral ser\u00e1n informados el 20 de enero. Los requisitos de la presentaci\u00f3n son: -Duraci\u00f3n de 10 minutos -m\u00e1ximo de 8 diapositivas.<\/p>\n\n\n\n<h2 class=\"wp-block-heading\">2. Cartel<\/h2>\n\n\n\n<p>Los carteles deben enviarse en formato digital, archivo en JPG, imagen deber\u00e1 estar entre 150-180 dpi de calidad, debe contar con los siguientes apartados:<\/p>\n\n\n\n<ul class=\"wp-block-list\"><li>T\u00edtulo<\/li><li>Autores (procedencia, declaraci\u00f3n de conflicto de inter\u00e9s)<\/li><li>Objetivo<\/li><li>Introducci\u00f3n<\/li><li>Material y M\u00e9todos<\/li><li>Resultados (Figuras, tablas).<\/li><li>Discusi\u00f3n.<\/li><li>Conclusiones.<\/li><li>Referencias Bibliogr\u00e1ficas.<\/li><li>Los carteles seleccionados se presentar\u00e1n a trav\u00e9s de medio digital, se informar\u00e1n a los seleccionados el 20 de enero.<\/li><\/ul>\n\n\n\n<h2 class=\"wp-block-heading\">3. Material Audiovisual: Spot publicitario animado<\/h2>\n\n\n\n<p>Promover mediante modalidades acad\u00e9micas de vanguardia, la actualizaci\u00f3n de actividades realizadas en tu pa\u00eds, en la prevenci\u00f3n, diagn\u00f3stico y terap\u00e9utica para mejorar la pr\u00e1ctica cl\u00ednica del obstetra y \u00e1reas afines.<br>La duraci\u00f3n del video debe ser m\u00e1xima de 3 minutos en formato mp4, acorde a los siguientes apartados:<\/p>\n\n\n\n<p>-Secuencia organizada y l\u00f3gica de imagen con gui\u00f3n e informaci\u00f3n.<\/p>\n\n\n\n<p><strong>PRESENTACI\u00d3N<\/strong><\/p>\n\n\n\n<p>Los trabajos seleccionados participar\u00e1n en ponencias previamente informadas, (20 de enero) present\u00e1ndose en el sal\u00f3n virtual de trabajos de investigaci\u00f3n durante el <strong>XXXIII Congreso Centroamericano FECASOG 2023.<\/strong><\/p>\n\n\n\n<p><strong>EVALUACI\u00d3N<\/strong><\/p>\n\n\n\n<p>-La evaluaci\u00f3n de trabajos libres se har\u00e1 a trav\u00e9s de un jurado designado de manera plural y ser\u00e1 ajeno al Comit\u00e9 Organizador.<\/p>\n\n\n\n<p>-Los trabajos premiados ser\u00e1n publicados en la p\u00e1gina del congreso y su decisi\u00f3n ser\u00e1 inapelable<\/p>\n\n\n\n<p>-La premiaci\u00f3n se realizar\u00e1 en la ceremonia de clausura del XXXIII<br>Congreso Centroamericano FECASOG 2023.<\/p>\n\n\n\n<p><strong>Correo de inscripci\u00f3n:<\/strong><br><a href=\"http:\/\/convocatoria.sonigob.org\">http:\/\/convocatoria.sonigob.org<\/a><\/p>\n\n\n\n<p><strong>Contacto para consultas:<\/strong><br>Lic. Astrid Delgado correo. <a href=\"mailto:adelgado@publicarteni.com\">adelgado@publicarteni.com<\/a><br>Ing. Yesner Chac\u00f3n correo. <a href=\"mailto:yesner@yahoo.com\">yesner@yahoo.com<\/a>  <a href=\"mailto:yesner@gmail.com\">yesner@gmail.com<\/a><\/p>\n\n\n\n<p><\/p>\n","protected":false},"excerpt":{"rendered":"<p>El Comit\u00e9 Organizador de XXXIII Congreso Centroamericano FECASOG 2023, tiene el gusto de invitarle a participar en la convocatoria para<\/p>\n<p><a href=\"https:\/\/www.sonigob.org\/home\/fecasog23\/reglas-para-los-trabajos-libres-de-investigacion\/\" class=\"more-link\">Continua&#8230;<span class=\"screen-reader-text\">Reglas para los trabajos libres de investigaci\u00f3n<\/span><\/a><\/p>\n","protected":false},"author":2,"featured_media":0,"parent":602,"menu_order":0,"comment_status":"closed","ping_status":"closed","template":"","meta":{"footnotes":""},"class_list":["post-1567","page","type-page","status-publish","hentry"],"_links":{"self":[{"href":"https:\/\/www.sonigob.org\/home\/wp-json\/wp\/v2\/pages\/1567","targetHints":{"allow":["GET"]}}],"collection":[{"href":"https:\/\/www.sonigob.org\/home\/wp-json\/wp\/v2\/pages"}],"about":[{"href":"https:\/\/www.sonigob.org\/home\/wp-json\/wp\/v2\/types\/page"}],"author":[{"embeddable":true,"href":"https:\/\/www.sonigob.org\/home\/wp-json\/wp\/v2\/users\/2"}],"replies":[{"embeddable":true,"href":"https:\/\/www.sonigob.org\/home\/wp-json\/wp\/v2\/comments?post=1567"}],"version-history":[{"count":6,"href":"https:\/\/www.sonigob.org\/home\/wp-json\/wp\/v2\/pages\/1567\/revisions"}],"predecessor-version":[{"id":1822,"href":"https:\/\/www.sonigob.org\/home\/wp-json\/wp\/v2\/pages\/1567\/revisions\/1822"}],"up":[{"embeddable":true,"href":"https:\/\/www.sonigob.org\/home\/wp-json\/wp\/v2\/pages\/602"}],"wp:attachment":[{"href":"https:\/\/www.sonigob.org\/home\/wp-json\/wp\/v2\/media?parent=1567"}],"curies":[{"name":"wp","href":"https:\/\/api.w.org\/{rel}","templated":true}]}}