{"id":1368,"date":"2022-08-15T17:03:11","date_gmt":"2022-08-15T23:03:11","guid":{"rendered":"https:\/\/www.sonigob.org\/home\/?page_id=1368"},"modified":"2022-08-15T23:36:01","modified_gmt":"2022-08-16T05:36:01","slug":"bd-academica","status":"publish","type":"page","link":"https:\/\/www.sonigob.org\/home\/bd-academica\/","title":{"rendered":"Bases de Datos Acad\u00e9micas"},"content":{"rendered":"\n<div class=\"wp-block-group alignfull has-ast-global-color-4-background-color has-background\"><div class=\"wp-block-group__inner-container is-layout-constrained wp-block-group-is-layout-constrained\">\n<h2 class=\"has-text-align-center has-ast-global-color-2-color has-text-color wp-block-heading\">Gestor de Bases de Datos Acad\u00e9micas<\/h2>\n\n\n\n<p class=\"has-text-align-center has-ast-global-color-3-color has-text-color\">Las siguienstes bases de datos o fuentes de informaci\u00f3n, son accesos a contenido acad\u00e9mico sin restricciones a libros, documentos, art\u00edculos, cap\u00edtulos, tesis, investigaciones u otro material documental en formato electr\u00f3nico y en texto completo.<\/p>\n\n\n\n<figure class=\"wp-block-gallery has-nested-images columns-4 wp-block-gallery-1 is-layout-flex wp-block-gallery-is-layout-flex\">\n<figure class=\"wp-block-image size-full\"><a href=\"https:\/\/portal.research4life.org\/\" target=\"_blank\" rel=\"noreferrer noopener\"><img decoding=\"async\" width=\"480\" height=\"480\" data-id=\"1381\" src=\"https:\/\/www.sonigob.org\/home\/wp-content\/uploads\/2022\/08\/research4life.jpg\" alt=\"\" class=\"wp-image-1381\" srcset=\"https:\/\/www.sonigob.org\/home\/wp-content\/uploads\/2022\/08\/research4life.jpg 480w, https:\/\/www.sonigob.org\/home\/wp-content\/uploads\/2022\/08\/research4life-300x300.jpg 300w, https:\/\/www.sonigob.org\/home\/wp-content\/uploads\/2022\/08\/research4life-150x150.jpg 150w\" sizes=\"(max-width: 480px) 100vw, 480px\" \/><\/a><\/figure>\n\n\n\n<figure class=\"wp-block-image size-full\"><a href=\"https:\/\/www.sciencedirect.com\/\" target=\"_blank\" rel=\"noreferrer noopener\"><img decoding=\"async\" width=\"480\" height=\"480\" data-id=\"1388\" src=\"https:\/\/www.sonigob.org\/home\/wp-content\/uploads\/2022\/08\/ScienceDirect.jpg\" alt=\"\" class=\"wp-image-1388\" srcset=\"https:\/\/www.sonigob.org\/home\/wp-content\/uploads\/2022\/08\/ScienceDirect.jpg 480w, https:\/\/www.sonigob.org\/home\/wp-content\/uploads\/2022\/08\/ScienceDirect-300x300.jpg 300w, https:\/\/www.sonigob.org\/home\/wp-content\/uploads\/2022\/08\/ScienceDirect-150x150.jpg 150w\" sizes=\"(max-width: 480px) 100vw, 480px\" \/><\/a><\/figure>\n\n\n\n<figure class=\"wp-block-image size-full\"><a href=\"https:\/\/core.ac.uk\/\" target=\"_blank\" rel=\"noreferrer noopener\"><img decoding=\"async\" width=\"480\" height=\"480\" data-id=\"1390\" src=\"https:\/\/www.sonigob.org\/home\/wp-content\/uploads\/2022\/08\/core.jpg\" alt=\"\" class=\"wp-image-1390\" srcset=\"https:\/\/www.sonigob.org\/home\/wp-content\/uploads\/2022\/08\/core.jpg 480w, https:\/\/www.sonigob.org\/home\/wp-content\/uploads\/2022\/08\/core-300x300.jpg 300w, https:\/\/www.sonigob.org\/home\/wp-content\/uploads\/2022\/08\/core-150x150.jpg 150w\" sizes=\"(max-width: 480px) 100vw, 480px\" \/><\/a><\/figure>\n\n\n\n<figure class=\"wp-block-image size-full\"><a href=\"https:\/\/es.b-ok.lat\/\" target=\"_blank\" rel=\"noreferrer noopener\"><img decoding=\"async\" width=\"480\" height=\"480\" data-id=\"1393\" src=\"https:\/\/www.sonigob.org\/home\/wp-content\/uploads\/2022\/08\/zlibrary.jpg\" alt=\"\" class=\"wp-image-1393\" srcset=\"https:\/\/www.sonigob.org\/home\/wp-content\/uploads\/2022\/08\/zlibrary.jpg 480w, https:\/\/www.sonigob.org\/home\/wp-content\/uploads\/2022\/08\/zlibrary-300x300.jpg 300w, https:\/\/www.sonigob.org\/home\/wp-content\/uploads\/2022\/08\/zlibrary-150x150.jpg 150w\" sizes=\"(max-width: 480px) 100vw, 480px\" \/><\/a><\/figure>\n\n\n\n<figure class=\"wp-block-image size-full\"><a href=\"https:\/\/www.ellibrototal.com\/ltotal\/\" target=\"_blank\" rel=\"noreferrer noopener\"><img decoding=\"async\" width=\"480\" height=\"480\" data-id=\"1396\" src=\"https:\/\/www.sonigob.org\/home\/wp-content\/uploads\/2022\/08\/librototal.jpg\" alt=\"\" class=\"wp-image-1396\" srcset=\"https:\/\/www.sonigob.org\/home\/wp-content\/uploads\/2022\/08\/librototal.jpg 480w, https:\/\/www.sonigob.org\/home\/wp-content\/uploads\/2022\/08\/librototal-300x300.jpg 300w, https:\/\/www.sonigob.org\/home\/wp-content\/uploads\/2022\/08\/librototal-150x150.jpg 150w\" sizes=\"(max-width: 480px) 100vw, 480px\" \/><\/a><\/figure>\n\n\n\n<figure class=\"wp-block-image size-full\"><a href=\"https:\/\/www.scienceopen.com\/\" target=\"_blank\" rel=\"noreferrer noopener\"><img decoding=\"async\" width=\"480\" height=\"480\" data-id=\"1400\" src=\"https:\/\/www.sonigob.org\/home\/wp-content\/uploads\/2022\/08\/scienceopen.jpg\" alt=\"\" class=\"wp-image-1400\" srcset=\"https:\/\/www.sonigob.org\/home\/wp-content\/uploads\/2022\/08\/scienceopen.jpg 480w, https:\/\/www.sonigob.org\/home\/wp-content\/uploads\/2022\/08\/scienceopen-300x300.jpg 300w, https:\/\/www.sonigob.org\/home\/wp-content\/uploads\/2022\/08\/scienceopen-150x150.jpg 150w\" sizes=\"(max-width: 480px) 100vw, 480px\" \/><\/a><\/figure>\n\n\n\n<figure class=\"wp-block-image size-full\"><a href=\"https:\/\/libros.uchile.cl\/index.php\/sisib\" target=\"_blank\" rel=\"noreferrer noopener\"><img decoding=\"async\" width=\"480\" height=\"480\" data-id=\"1402\" src=\"https:\/\/www.sonigob.org\/home\/wp-content\/uploads\/2022\/08\/libroselectronicosportal.jpg\" alt=\"\" class=\"wp-image-1402\" srcset=\"https:\/\/www.sonigob.org\/home\/wp-content\/uploads\/2022\/08\/libroselectronicosportal.jpg 480w, https:\/\/www.sonigob.org\/home\/wp-content\/uploads\/2022\/08\/libroselectronicosportal-300x300.jpg 300w, https:\/\/www.sonigob.org\/home\/wp-content\/uploads\/2022\/08\/libroselectronicosportal-150x150.jpg 150w\" sizes=\"(max-width: 480px) 100vw, 480px\" \/><\/a><\/figure>\n\n\n\n<figure class=\"wp-block-image size-full\"><a href=\"https:\/\/redib.org\/?lng=es\" target=\"_blank\" rel=\"noreferrer noopener\"><img decoding=\"async\" width=\"480\" height=\"480\" data-id=\"1405\" src=\"https:\/\/www.sonigob.org\/home\/wp-content\/uploads\/2022\/08\/REDIB.jpg\" alt=\"\" class=\"wp-image-1405\" srcset=\"https:\/\/www.sonigob.org\/home\/wp-content\/uploads\/2022\/08\/REDIB.jpg 480w, https:\/\/www.sonigob.org\/home\/wp-content\/uploads\/2022\/08\/REDIB-300x300.jpg 300w, https:\/\/www.sonigob.org\/home\/wp-content\/uploads\/2022\/08\/REDIB-150x150.jpg 150w\" sizes=\"(max-width: 480px) 100vw, 480px\" \/><\/a><\/figure>\n<\/figure>\n\n\n\n<figure class=\"wp-block-gallery has-nested-images columns-4 wp-block-gallery-2 is-layout-flex wp-block-gallery-is-layout-flex\">\n<figure class=\"wp-block-image size-full\"><a href=\"https:\/\/www.cochranelibrary.com\/\" target=\"_blank\" rel=\"noreferrer noopener\"><img decoding=\"async\" width=\"480\" height=\"480\" data-id=\"1407\" src=\"https:\/\/www.sonigob.org\/home\/wp-content\/uploads\/2022\/08\/COCHRANE.jpg\" alt=\"\" class=\"wp-image-1407\" srcset=\"https:\/\/www.sonigob.org\/home\/wp-content\/uploads\/2022\/08\/COCHRANE.jpg 480w, https:\/\/www.sonigob.org\/home\/wp-content\/uploads\/2022\/08\/COCHRANE-300x300.jpg 300w, https:\/\/www.sonigob.org\/home\/wp-content\/uploads\/2022\/08\/COCHRANE-150x150.jpg 150w\" sizes=\"(max-width: 480px) 100vw, 480px\" \/><\/a><\/figure>\n\n\n\n<figure class=\"wp-block-image size-full\"><a href=\"https:\/\/pubmed.ncbi.nlm.nih.gov\/\" target=\"_blank\" rel=\"noreferrer noopener\"><img decoding=\"async\" width=\"480\" height=\"480\" data-id=\"1409\" src=\"https:\/\/www.sonigob.org\/home\/wp-content\/uploads\/2022\/08\/nih.jpg\" alt=\"\" class=\"wp-image-1409\" srcset=\"https:\/\/www.sonigob.org\/home\/wp-content\/uploads\/2022\/08\/nih.jpg 480w, https:\/\/www.sonigob.org\/home\/wp-content\/uploads\/2022\/08\/nih-300x300.jpg 300w, https:\/\/www.sonigob.org\/home\/wp-content\/uploads\/2022\/08\/nih-150x150.jpg 150w\" sizes=\"(max-width: 480px) 100vw, 480px\" \/><\/a><\/figure>\n\n\n\n<figure class=\"wp-block-image size-full\"><a href=\"https:\/\/www.tripdatabase.com\/\" target=\"_blank\" rel=\"noreferrer noopener\"><img decoding=\"async\" width=\"480\" height=\"480\" data-id=\"1414\" src=\"https:\/\/www.sonigob.org\/home\/wp-content\/uploads\/2022\/08\/trip.jpg\" alt=\"\" class=\"wp-image-1414\" srcset=\"https:\/\/www.sonigob.org\/home\/wp-content\/uploads\/2022\/08\/trip.jpg 480w, https:\/\/www.sonigob.org\/home\/wp-content\/uploads\/2022\/08\/trip-300x300.jpg 300w, https:\/\/www.sonigob.org\/home\/wp-content\/uploads\/2022\/08\/trip-150x150.jpg 150w\" sizes=\"(max-width: 480px) 100vw, 480px\" \/><\/a><\/figure>\n\n\n\n<figure class=\"wp-block-image size-full\"><a href=\"https:\/\/scielo.org\/es\/\" target=\"_blank\" rel=\"noreferrer noopener\"><img decoding=\"async\" width=\"480\" height=\"480\" data-id=\"1416\" src=\"https:\/\/www.sonigob.org\/home\/wp-content\/uploads\/2022\/08\/scielo.jpg\" alt=\"\" class=\"wp-image-1416\" srcset=\"https:\/\/www.sonigob.org\/home\/wp-content\/uploads\/2022\/08\/scielo.jpg 480w, https:\/\/www.sonigob.org\/home\/wp-content\/uploads\/2022\/08\/scielo-300x300.jpg 300w, https:\/\/www.sonigob.org\/home\/wp-content\/uploads\/2022\/08\/scielo-150x150.jpg 150w\" sizes=\"(max-width: 480px) 100vw, 480px\" \/><\/a><\/figure>\n\n\n\n<figure class=\"wp-block-image size-full\"><a href=\"https:\/\/directory.doabooks.org\/\" target=\"_blank\" rel=\"noreferrer noopener\"><img decoding=\"async\" width=\"480\" height=\"480\" data-id=\"1419\" src=\"https:\/\/www.sonigob.org\/home\/wp-content\/uploads\/2022\/08\/img-bd-enlinea.jpg\" alt=\"\" class=\"wp-image-1419\" srcset=\"https:\/\/www.sonigob.org\/home\/wp-content\/uploads\/2022\/08\/img-bd-enlinea.jpg 480w, https:\/\/www.sonigob.org\/home\/wp-content\/uploads\/2022\/08\/img-bd-enlinea-300x300.jpg 300w, https:\/\/www.sonigob.org\/home\/wp-content\/uploads\/2022\/08\/img-bd-enlinea-150x150.jpg 150w\" sizes=\"(max-width: 480px) 100vw, 480px\" \/><\/a><\/figure>\n\n\n\n<figure class=\"wp-block-image size-full\"><a href=\"https:\/\/doaj.org\/\" target=\"_blank\" rel=\"noreferrer noopener\"><img decoding=\"async\" width=\"480\" height=\"480\" data-id=\"1422\" src=\"https:\/\/www.sonigob.org\/home\/wp-content\/uploads\/2022\/08\/img-bd-enlinead.jpg\" alt=\"\" class=\"wp-image-1422\" srcset=\"https:\/\/www.sonigob.org\/home\/wp-content\/uploads\/2022\/08\/img-bd-enlinead.jpg 480w, https:\/\/www.sonigob.org\/home\/wp-content\/uploads\/2022\/08\/img-bd-enlinead-300x300.jpg 300w, https:\/\/www.sonigob.org\/home\/wp-content\/uploads\/2022\/08\/img-bd-enlinead-150x150.jpg 150w\" sizes=\"(max-width: 480px) 100vw, 480px\" \/><\/a><\/figure>\n\n\n\n<figure class=\"wp-block-image size-full\"><a href=\"https:\/\/www.lareferencia.info\/es\/\" target=\"_blank\" rel=\"noreferrer noopener\"><img decoding=\"async\" width=\"480\" height=\"480\" data-id=\"1424\" src=\"https:\/\/www.sonigob.org\/home\/wp-content\/uploads\/2022\/08\/img-bd-enlineaff.jpg\" alt=\"\" class=\"wp-image-1424\" srcset=\"https:\/\/www.sonigob.org\/home\/wp-content\/uploads\/2022\/08\/img-bd-enlineaff.jpg 480w, https:\/\/www.sonigob.org\/home\/wp-content\/uploads\/2022\/08\/img-bd-enlineaff-300x300.jpg 300w, https:\/\/www.sonigob.org\/home\/wp-content\/uploads\/2022\/08\/img-bd-enlineaff-150x150.jpg 150w\" sizes=\"(max-width: 480px) 100vw, 480px\" \/><\/a><\/figure>\n\n\n\n<figure class=\"wp-block-image size-full\"><a href=\"https:\/\/www.latindex.org\/latindex\/inicio\" target=\"_blank\" rel=\"noreferrer noopener\"><img decoding=\"async\" width=\"480\" height=\"480\" data-id=\"1426\" src=\"https:\/\/www.sonigob.org\/home\/wp-content\/uploads\/2022\/08\/img-bd-enlinea3.jpg\" alt=\"\" class=\"wp-image-1426\" srcset=\"https:\/\/www.sonigob.org\/home\/wp-content\/uploads\/2022\/08\/img-bd-enlinea3.jpg 480w, https:\/\/www.sonigob.org\/home\/wp-content\/uploads\/2022\/08\/img-bd-enlinea3-300x300.jpg 300w, https:\/\/www.sonigob.org\/home\/wp-content\/uploads\/2022\/08\/img-bd-enlinea3-150x150.jpg 150w\" sizes=\"(max-width: 480px) 100vw, 480px\" \/><\/a><\/figure>\n<\/figure>\n\n\n\n<figure class=\"wp-block-gallery has-nested-images columns-4 wp-block-gallery-3 is-layout-flex wp-block-gallery-is-layout-flex\">\n<figure class=\"wp-block-image size-full\"><a href=\"https:\/\/www.redalyc.org\/\" target=\"_blank\" rel=\"noreferrer noopener\"><img decoding=\"async\" width=\"480\" height=\"480\" data-id=\"1430\" src=\"https:\/\/www.sonigob.org\/home\/wp-content\/uploads\/2022\/08\/img-bd-enlineahh.jpg\" alt=\"\" class=\"wp-image-1430\" srcset=\"https:\/\/www.sonigob.org\/home\/wp-content\/uploads\/2022\/08\/img-bd-enlineahh.jpg 480w, https:\/\/www.sonigob.org\/home\/wp-content\/uploads\/2022\/08\/img-bd-enlineahh-300x300.jpg 300w, https:\/\/www.sonigob.org\/home\/wp-content\/uploads\/2022\/08\/img-bd-enlineahh-150x150.jpg 150w\" sizes=\"(max-width: 480px) 100vw, 480px\" \/><\/a><\/figure>\n\n\n\n<figure class=\"wp-block-image size-full\"><a href=\"https:\/\/dialnet.unirioja.es\/\" target=\"_blank\" rel=\"noreferrer noopener\"><img decoding=\"async\" width=\"480\" height=\"480\" data-id=\"1432\" src=\"https:\/\/www.sonigob.org\/home\/wp-content\/uploads\/2022\/08\/img-bd-enlineac.jpg\" alt=\"\" class=\"wp-image-1432\" srcset=\"https:\/\/www.sonigob.org\/home\/wp-content\/uploads\/2022\/08\/img-bd-enlineac.jpg 480w, https:\/\/www.sonigob.org\/home\/wp-content\/uploads\/2022\/08\/img-bd-enlineac-300x300.jpg 300w, https:\/\/www.sonigob.org\/home\/wp-content\/uploads\/2022\/08\/img-bd-enlineac-150x150.jpg 150w\" sizes=\"(max-width: 480px) 100vw, 480px\" \/><\/a><\/figure>\n\n\n\n<figure class=\"wp-block-image size-full\"><a href=\"https:\/\/www.semanticscholar.org\/\" target=\"_blank\" rel=\"noreferrer noopener\"><img decoding=\"async\" width=\"480\" height=\"480\" data-id=\"1435\" src=\"https:\/\/www.sonigob.org\/home\/wp-content\/uploads\/2022\/08\/img-bd-enlinea3d.jpg\" alt=\"\" class=\"wp-image-1435\" srcset=\"https:\/\/www.sonigob.org\/home\/wp-content\/uploads\/2022\/08\/img-bd-enlinea3d.jpg 480w, https:\/\/www.sonigob.org\/home\/wp-content\/uploads\/2022\/08\/img-bd-enlinea3d-300x300.jpg 300w, https:\/\/www.sonigob.org\/home\/wp-content\/uploads\/2022\/08\/img-bd-enlinea3d-150x150.jpg 150w\" sizes=\"(max-width: 480px) 100vw, 480px\" \/><\/a><\/figure>\n\n\n\n<figure class=\"wp-block-image size-full\"><a href=\"https:\/\/unesdoc.unesco.org\/inicio\" target=\"_blank\" rel=\"noreferrer noopener\"><img decoding=\"async\" width=\"480\" height=\"480\" data-id=\"1437\" src=\"https:\/\/www.sonigob.org\/home\/wp-content\/uploads\/2022\/08\/img-bd-enlinea1.jpg\" alt=\"\" class=\"wp-image-1437\" srcset=\"https:\/\/www.sonigob.org\/home\/wp-content\/uploads\/2022\/08\/img-bd-enlinea1.jpg 480w, https:\/\/www.sonigob.org\/home\/wp-content\/uploads\/2022\/08\/img-bd-enlinea1-300x300.jpg 300w, https:\/\/www.sonigob.org\/home\/wp-content\/uploads\/2022\/08\/img-bd-enlinea1-150x150.jpg 150w\" sizes=\"(max-width: 480px) 100vw, 480px\" \/><\/a><\/figure>\n\n\n\n<figure class=\"wp-block-image size-full\"><a href=\"https:\/\/iris.paho.org\/\" target=\"_blank\" rel=\"noreferrer noopener\"><img decoding=\"async\" width=\"480\" height=\"480\" data-id=\"1439\" src=\"https:\/\/www.sonigob.org\/home\/wp-content\/uploads\/2022\/08\/img-bd-enlinea34.jpg\" alt=\"\" class=\"wp-image-1439\" srcset=\"https:\/\/www.sonigob.org\/home\/wp-content\/uploads\/2022\/08\/img-bd-enlinea34.jpg 480w, https:\/\/www.sonigob.org\/home\/wp-content\/uploads\/2022\/08\/img-bd-enlinea34-300x300.jpg 300w, https:\/\/www.sonigob.org\/home\/wp-content\/uploads\/2022\/08\/img-bd-enlinea34-150x150.jpg 150w\" sizes=\"(max-width: 480px) 100vw, 480px\" \/><\/a><\/figure>\n\n\n\n<figure class=\"wp-block-image size-full\"><a href=\"https:\/\/www.minsa.gob.ni\/index.php\/repository\/Descargas-MINSA\/Direcci%C3%B3n-General-de-Regulaci%C3%B3n-Sanitaria\/Normas-Protocolos-y-Manuales\/\" target=\"_blank\" rel=\"noreferrer noopener\"><img decoding=\"async\" width=\"480\" height=\"480\" data-id=\"1442\" src=\"https:\/\/www.sonigob.org\/home\/wp-content\/uploads\/2022\/08\/img-bd-enlineafdf.jpg\" alt=\"\" class=\"wp-image-1442\" srcset=\"https:\/\/www.sonigob.org\/home\/wp-content\/uploads\/2022\/08\/img-bd-enlineafdf.jpg 480w, https:\/\/www.sonigob.org\/home\/wp-content\/uploads\/2022\/08\/img-bd-enlineafdf-300x300.jpg 300w, https:\/\/www.sonigob.org\/home\/wp-content\/uploads\/2022\/08\/img-bd-enlineafdf-150x150.jpg 150w\" sizes=\"(max-width: 480px) 100vw, 480px\" \/><\/a><\/figure>\n\n\n\n<figure class=\"wp-block-image size-full\"><a href=\"https:\/\/www.cdc.gov\/Spanish\/\" target=\"_blank\" rel=\"noreferrer noopener\"><img decoding=\"async\" width=\"480\" height=\"480\" data-id=\"1445\" src=\"https:\/\/www.sonigob.org\/home\/wp-content\/uploads\/2022\/08\/img-bd-enlineadd.jpg\" alt=\"\" class=\"wp-image-1445\" srcset=\"https:\/\/www.sonigob.org\/home\/wp-content\/uploads\/2022\/08\/img-bd-enlineadd.jpg 480w, https:\/\/www.sonigob.org\/home\/wp-content\/uploads\/2022\/08\/img-bd-enlineadd-300x300.jpg 300w, https:\/\/www.sonigob.org\/home\/wp-content\/uploads\/2022\/08\/img-bd-enlineadd-150x150.jpg 150w\" sizes=\"(max-width: 480px) 100vw, 480px\" \/><\/a><\/figure>\n\n\n\n<figure class=\"wp-block-image size-full\"><a href=\"https:\/\/bvsalud.org\/\" target=\"_blank\" rel=\"noreferrer noopener\"><img decoding=\"async\" width=\"480\" height=\"480\" data-id=\"1447\" src=\"https:\/\/www.sonigob.org\/home\/wp-content\/uploads\/2022\/08\/img-bd-enlinea55.jpg\" alt=\"\" class=\"wp-image-1447\" srcset=\"https:\/\/www.sonigob.org\/home\/wp-content\/uploads\/2022\/08\/img-bd-enlinea55.jpg 480w, https:\/\/www.sonigob.org\/home\/wp-content\/uploads\/2022\/08\/img-bd-enlinea55-300x300.jpg 300w, https:\/\/www.sonigob.org\/home\/wp-content\/uploads\/2022\/08\/img-bd-enlinea55-150x150.jpg 150w\" sizes=\"(max-width: 480px) 100vw, 480px\" \/><\/a><\/figure>\n<\/figure>\n<\/div><\/div>\n","protected":false},"excerpt":{"rendered":"<p>Gestor de Bases de Datos Acad\u00e9micas Las siguienstes bases de datos o fuentes de informaci\u00f3n, son accesos a contenido acad\u00e9mico<\/p>\n<p><a href=\"https:\/\/www.sonigob.org\/home\/bd-academica\/\" class=\"more-link\">Continua&#8230;<span class=\"screen-reader-text\">Bases de Datos Acad\u00e9micas<\/span><\/a><\/p>\n","protected":false},"author":2,"featured_media":0,"parent":0,"menu_order":0,"comment_status":"closed","ping_status":"closed","template":"page-templates\/full-with-page.php","meta":{"footnotes":""},"class_list":["post-1368","page","type-page","status-publish","hentry"],"_links":{"self":[{"href":"https:\/\/www.sonigob.org\/home\/wp-json\/wp\/v2\/pages\/1368","targetHints":{"allow":["GET"]}}],"collection":[{"href":"https:\/\/www.sonigob.org\/home\/wp-json\/wp\/v2\/pages"}],"about":[{"href":"https:\/\/www.sonigob.org\/home\/wp-json\/wp\/v2\/types\/page"}],"author":[{"embeddable":true,"href":"https:\/\/www.sonigob.org\/home\/wp-json\/wp\/v2\/users\/2"}],"replies":[{"embeddable":true,"href":"https:\/\/www.sonigob.org\/home\/wp-json\/wp\/v2\/comments?post=1368"}],"version-history":[{"count":32,"href":"https:\/\/www.sonigob.org\/home\/wp-json\/wp\/v2\/pages\/1368\/revisions"}],"predecessor-version":[{"id":1448,"href":"https:\/\/www.sonigob.org\/home\/wp-json\/wp\/v2\/pages\/1368\/revisions\/1448"}],"wp:attachment":[{"href":"https:\/\/www.sonigob.org\/home\/wp-json\/wp\/v2\/media?parent=1368"}],"curies":[{"name":"wp","href":"https:\/\/api.w.org\/{rel}","templated":true}]}}